{"id":170,"date":"2025-09-01T07:00:26","date_gmt":"2025-09-01T07:00:26","guid":{"rendered":"https:\/\/cursopracticoseo.com\/colmed\/?page_id=170"},"modified":"2025-09-02T09:59:49","modified_gmt":"2025-09-02T09:59:49","slug":"comision-de-etica-y-deontologia-medica","status":"publish","type":"page","link":"https:\/\/cursopracticoseo.com\/colmed\/el-colegio\/comision-de-etica-y-deontologia-medica\/","title":{"rendered":"Comisi\u00f3n de \u00e9tica y Deontolog\u00eda M\u00e9dica"},"content":{"rendered":"\t\t<div data-elementor-type=\"wp-page\" data-elementor-id=\"170\" class=\"elementor elementor-170\" data-elementor-post-type=\"page\">\n\t\t\t\t<div data-particle_enable=\"false\" data-particle-mobile-disabled=\"false\" class=\"elementor-element elementor-element-6c7f57b e-flex e-con-boxed e-con e-parent\" data-id=\"6c7f57b\" data-element_type=\"container\" data-settings=\"{&quot;background_background&quot;:&quot;classic&quot;}\">\n\t\t\t\t\t<div class=\"e-con-inner\">\n\t\t\t\t<div class=\"elementor-element elementor-element-5782da1 elementor-invisible elementor-widget elementor-widget-heading\" data-id=\"5782da1\" data-element_type=\"widget\" data-settings=\"{&quot;motion_fx_motion_fx_mouse&quot;:&quot;yes&quot;,&quot;_animation&quot;:&quot;fadeInLeft&quot;}\" data-widget_type=\"heading.default\">\n\t\t\t\t<div class=\"elementor-widget-container\">\n\t\t\t\t\t<h2 class=\"elementor-heading-title elementor-size-default\">Comisi\u00f3n de \u00e9tica y Deontolog\u00eda M\u00e9dica<\/h2>\t\t\t\t<\/div>\n\t\t\t\t<\/div>\n\t\t\t\t\t<\/div>\n\t\t\t\t<\/div>\n\t\t<div data-particle_enable=\"false\" data-particle-mobile-disabled=\"false\" class=\"elementor-element elementor-element-7d8efc3 e-flex e-con-boxed e-con e-parent\" data-id=\"7d8efc3\" data-element_type=\"container\">\n\t\t\t\t\t<div class=\"e-con-inner\">\n\t\t\t\t<div class=\"elementor-element elementor-element-06f44ed elementor-widget elementor-widget-text-editor\" data-id=\"06f44ed\" data-element_type=\"widget\" data-widget_type=\"text-editor.default\">\n\t\t\t\t<div class=\"elementor-widget-container\">\n\t\t\t\t\t\t\t\t\t<h6><span style=\"font-family: verdana; font-size: small;\">La Organizaci\u00f3n M\u00e9dica Colegial de Espa\u00f1a promulg\u00f3 su primer C\u00f3digo de \u00c9tica y Deontolog\u00eda en 1978 al amparo de la Constituci\u00f3n Espa\u00f1ola, que establece el reconocimiento y la necesidad de regular los colegios y el ejercicio de los profesionales titulados.<\/span><\/h6><h6><span style=\"font-family: verdana; font-size: small;\">Dicho C\u00f3digo, que fue actualizado en 1990, 1999 y 2011, confirma el compromiso de la profesi\u00f3n m\u00e9dica con la sociedad a la que presta su servicio, incluyendo el avance de los conocimientos cient\u00edfico-t\u00e9cnicos y el desarrollo de nuevos derechos y responsabilidades de m\u00e9dicos y pacientes.<\/span><\/h6><h6><span style=\"font-family: verdana; font-size: small;\">La Comisi\u00f3n de \u00c9tica y Deontolog\u00eda es el \u00f3rgano asesor y consultivo de la Junta Directiva del Ilustre Colegio Oficial de M\u00e9dicos de Le\u00f3n en dicha materia. Sus funciones son las siguientes:<\/span><\/h6><ul><li><span style=\"font-family: verdana; font-size: small;\">Asesorar a la Junta Directiva en todas las cuestiones y asuntos relacionados en materia de \u00e9tica y deontolog\u00eda profesional, valorando la existencia o no de transgresiones a las normas que regulan dichas materias y dictaminando preceptivamente antes de que la Junta Directiva adopte una decisi\u00f3n al respecto.<\/span><\/li><li><span style=\"font-family: verdana; font-size: small;\">Informar con car\u00e1cter previo y reservado en todos los procedimientos de tipo disciplinario, elevando la propuesta que considere oportuna de acuerdo con lo previsto en los Estatutos del Ilustre Colegio Oficial de M\u00e9dicos de Le\u00f3n.<\/span><\/li><li><span style=\"font-family: verdana; font-size: small;\">Asesorar al Pleno de la Junta Directiva sobre materia de publicidad m\u00e9dica y, en general, sobre los casos de competencia desleal.<\/span><\/li><li><span style=\"font-family: verdana; font-size: small;\">Promover acciones encaminadas a la mejora en el ejercicio de la profesi\u00f3n en materias de \u00c9tica y Deontolog\u00eda.<\/span><\/li><\/ul><div><span style=\"font-family: verdana; font-size: small;\">\u00a0<\/span><\/div><div><span style=\"font-family: verdana; font-size: small;\">El C\u00f3digo de Deontolog\u00eda M\u00e9dica aprobado por la Asamblea General de la Organizaci\u00f3n M\u00e9dica Colegial (OMC) en julio de 2011 es uno de los m\u00e1s avanzados de Europa. Este documento, estructurado en 21 cap\u00edtulos, 66 art\u00edculos, 109 ep\u00edgrafes, una disposici\u00f3n adicional y cinco disposiciones finales, se fundamenta en los principios de respeto, profesionalidad, humanismo, seguridad y comportamiento \u00e9tico, partiendo de una realidad social cambiante. Su cumplimiento se erige, de la mano de los Colegios Oficiales de M\u00e9dicos, en el garante de los comportamientos \u00e9ticos y responsables de los profesionales de la Medicina.<\/span><\/div>\t\t\t\t\t\t\t\t<\/div>\n\t\t\t\t<\/div>\n\t\t\t\t<div class=\"elementor-element elementor-element-d91067b elementor-widget elementor-widget-heading\" data-id=\"d91067b\" data-element_type=\"widget\" data-widget_type=\"heading.default\">\n\t\t\t\t<div class=\"elementor-widget-container\">\n\t\t\t\t\t<h2 class=\"elementor-heading-title elementor-size-default\"><a href=\"https:\/\/cursopracticoseo.com\/colmed\/wp-content\/uploads\/2025\/09\/codigo_deontologia_medica_2011.pdf\">Enlace documento<\/a><\/h2>\t\t\t\t<\/div>\n\t\t\t\t<\/div>\n\t\t\t\t\t<\/div>\n\t\t\t\t<\/div>\n\t\t\t\t<\/div>\n\t\t","protected":false},"excerpt":{"rendered":"<p>La Organizaci\u00f3n M\u00e9dica Colegial de Espa\u00f1a promulg\u00f3 su primer C\u00f3digo de \u00c9tica y Deontolog\u00eda en 1978 al amparo de la Constituci\u00f3n Espa\u00f1ola, que establece el reconocimiento y la necesidad de regular los colegios y el ejercicio de los profesionales titulados. Dicho C\u00f3digo, que fue actualizado en 1990, 1999 y 2011, confirma el compromiso de la [&hellip;]<\/p>\n","protected":false},"author":1,"featured_media":0,"parent":51,"menu_order":0,"comment_status":"closed","ping_status":"closed","template":"","meta":{"footnotes":""},"class_list":["post-170","page","type-page","status-publish","hentry"],"_links":{"self":[{"href":"https:\/\/cursopracticoseo.com\/colmed\/wp-json\/wp\/v2\/pages\/170","targetHints":{"allow":["GET"]}}],"collection":[{"href":"https:\/\/cursopracticoseo.com\/colmed\/wp-json\/wp\/v2\/pages"}],"about":[{"href":"https:\/\/cursopracticoseo.com\/colmed\/wp-json\/wp\/v2\/types\/page"}],"author":[{"embeddable":true,"href":"https:\/\/cursopracticoseo.com\/colmed\/wp-json\/wp\/v2\/users\/1"}],"replies":[{"embeddable":true,"href":"https:\/\/cursopracticoseo.com\/colmed\/wp-json\/wp\/v2\/comments?post=170"}],"version-history":[{"count":16,"href":"https:\/\/cursopracticoseo.com\/colmed\/wp-json\/wp\/v2\/pages\/170\/revisions"}],"predecessor-version":[{"id":1303,"href":"https:\/\/cursopracticoseo.com\/colmed\/wp-json\/wp\/v2\/pages\/170\/revisions\/1303"}],"up":[{"embeddable":true,"href":"https:\/\/cursopracticoseo.com\/colmed\/wp-json\/wp\/v2\/pages\/51"}],"wp:attachment":[{"href":"https:\/\/cursopracticoseo.com\/colmed\/wp-json\/wp\/v2\/media?parent=170"}],"curies":[{"name":"wp","href":"https:\/\/api.w.org\/{rel}","templated":true}]}}