{"id":298,"date":"2025-07-18T16:01:51","date_gmt":"2025-07-18T16:01:51","guid":{"rendered":"https:\/\/cursopracticoseo.com\/colmed\/?page_id=298"},"modified":"2025-09-02T10:43:07","modified_gmt":"2025-09-02T10:43:07","slug":"colegiacion","status":"publish","type":"page","link":"https:\/\/cursopracticoseo.com\/colmed\/servicios\/colegiacion\/","title":{"rendered":"Colegiaci\u00f3n"},"content":{"rendered":"\t\t<div data-elementor-type=\"wp-page\" data-elementor-id=\"298\" class=\"elementor elementor-298\" data-elementor-post-type=\"page\">\n\t\t\t\t<div data-particle_enable=\"false\" data-particle-mobile-disabled=\"false\" class=\"elementor-element elementor-element-6c7f57b e-flex e-con-boxed e-con e-parent\" data-id=\"6c7f57b\" data-element_type=\"container\" data-settings=\"{&quot;background_background&quot;:&quot;classic&quot;}\">\n\t\t\t\t\t<div class=\"e-con-inner\">\n\t\t\t\t<div class=\"elementor-element elementor-element-5782da1 elementor-invisible elementor-widget elementor-widget-heading\" data-id=\"5782da1\" data-element_type=\"widget\" data-settings=\"{&quot;motion_fx_motion_fx_mouse&quot;:&quot;yes&quot;,&quot;_animation&quot;:&quot;fadeInLeft&quot;}\" data-widget_type=\"heading.default\">\n\t\t\t\t<div class=\"elementor-widget-container\">\n\t\t\t\t\t<h2 class=\"elementor-heading-title elementor-size-default\">Colegiaci\u00f3n<\/h2>\t\t\t\t<\/div>\n\t\t\t\t<\/div>\n\t\t\t\t<div class=\"elementor-element elementor-element-381d988 elementor-widget elementor-widget-eael-breadcrumbs\" data-id=\"381d988\" data-element_type=\"widget\" data-widget_type=\"eael-breadcrumbs.default\">\n\t\t\t\t<div class=\"elementor-widget-container\">\n\t\t\t\t\t\t\t<div class=\"eael-breadcrumbs\">\n\t\t\t<div class=\"eael-breadcrumbs__content\"><a href=\"https:\/\/cursopracticoseo.com\/colmed\">Inicio<\/a> <span class=\"eael-breadcrumb-separator\">\/<\/span> <span class = \"eael-current\">P\u00e1gina<\/span><\/div>\t\t<\/div>\n\t\t\t\t\t\t<\/div>\n\t\t\t\t<\/div>\n\t\t\t\t\t<\/div>\n\t\t\t\t<\/div>\n\t\t<div data-particle_enable=\"false\" data-particle-mobile-disabled=\"false\" class=\"elementor-element elementor-element-658647d4 e-flex e-con-boxed e-con e-parent\" data-id=\"658647d4\" data-element_type=\"container\" data-settings=\"{&quot;background_background&quot;:&quot;classic&quot;}\">\n\t\t\t\t\t<div class=\"e-con-inner\">\n\t\t<div data-particle_enable=\"false\" data-particle-mobile-disabled=\"false\" class=\"elementor-element elementor-element-51b2990a e-con-full e-flex elementor-invisible e-con e-child\" data-id=\"51b2990a\" data-element_type=\"container\" data-settings=\"{&quot;animation&quot;:&quot;fadeInRight&quot;}\">\n\t\t\t\t<div class=\"elementor-element elementor-element-3e63239a elementor-widget elementor-widget-heading\" data-id=\"3e63239a\" data-element_type=\"widget\" data-widget_type=\"heading.default\">\n\t\t\t\t<div class=\"elementor-widget-container\">\n\t\t\t\t\t<h2 class=\"elementor-heading-title elementor-size-default\">Colegiaci\u00f3n<\/h2>\t\t\t\t<\/div>\n\t\t\t\t<\/div>\n\t\t\t\t<div class=\"elementor-element elementor-element-8a6dc42 elementor-widget elementor-widget-heading\" data-id=\"8a6dc42\" data-element_type=\"widget\" data-widget_type=\"heading.default\">\n\t\t\t\t<div class=\"elementor-widget-container\">\n\t\t\t\t\t<h2 class=\"elementor-heading-title elementor-size-default\">Ventajas de la colegiaci\u00f3n<\/h2>\t\t\t\t<\/div>\n\t\t\t\t<\/div>\n\t\t<div data-particle_enable=\"false\" data-particle-mobile-disabled=\"false\" class=\"elementor-element elementor-element-2df943f e-grid e-con-full e-con e-child\" data-id=\"2df943f\" data-element_type=\"container\">\n\t\t\t\t<div class=\"elementor-element elementor-element-5b03c8f9 elementor-widget elementor-widget-text-editor\" data-id=\"5b03c8f9\" data-element_type=\"widget\" data-widget_type=\"text-editor.default\">\n\t\t\t\t<div class=\"elementor-widget-container\">\n\t\t\t\t\t\t\t\t\t<p data-start=\"229\" data-end=\"265\"><strong data-start=\"229\" data-end=\"263\">Protecci\u00f3n profesional y legal<\/strong><\/p><p data-start=\"430\" data-end=\"463\"><strong data-start=\"430\" data-end=\"461\">Acceso a formaci\u00f3n continua<\/strong><\/p><p data-start=\"609\" data-end=\"646\"><strong data-start=\"609\" data-end=\"644\">Red de apoyo social y bienestar<\/strong><\/p><p data-start=\"790\" data-end=\"829\"><strong data-start=\"790\" data-end=\"827\">Garant\u00eda de ejercicio profesional<\/strong><\/p>\t\t\t\t\t\t\t\t<\/div>\n\t\t\t\t<\/div>\n\t\t\t\t<div class=\"elementor-element elementor-element-2809e72 elementor-widget elementor-widget-text-editor\" data-id=\"2809e72\" data-element_type=\"widget\" data-widget_type=\"text-editor.default\">\n\t\t\t\t<div class=\"elementor-widget-container\">\n\t\t\t\t\t\t\t\t\t<p data-start=\"1003\" data-end=\"1044\"><strong data-start=\"1003\" data-end=\"1042\">Ventajas exclusivas para colegiados<\/strong><\/p><p data-start=\"1229\" data-end=\"1265\"><strong data-start=\"1229\" data-end=\"1263\">Participaci\u00f3n y representaci\u00f3n<\/strong><\/p><p data-start=\"1229\" data-end=\"1265\"><strong data-start=\"1419\" data-end=\"1457\">Apoyo en el desarrollo profesional<\/strong><\/p><p><strong>Seguro de asistencia en viaje<\/strong><\/p><p><strong>Seguro de vida<\/strong><\/p>\t\t\t\t\t\t\t\t<\/div>\n\t\t\t\t<\/div>\n\t\t\t\t<\/div>\n\t\t\t\t<\/div>\n\t\t\t\t\t<\/div>\n\t\t\t\t<\/div>\n\t\t<div data-particle_enable=\"false\" data-particle-mobile-disabled=\"false\" class=\"elementor-element elementor-element-397e8a75 e-flex e-con-boxed e-con e-parent\" data-id=\"397e8a75\" data-element_type=\"container\">\n\t\t\t\t\t<div class=\"e-con-inner\">\n\t\t<div data-particle_enable=\"false\" data-particle-mobile-disabled=\"false\" class=\"elementor-element elementor-element-312ab32c e-con-full e-flex elementor-invisible e-con e-child\" data-id=\"312ab32c\" data-element_type=\"container\" data-settings=\"{&quot;animation&quot;:&quot;fadeInLeft&quot;}\">\n\t\t\t\t<div class=\"elementor-element elementor-element-542a38e9 elementor-widget elementor-widget-heading\" data-id=\"542a38e9\" data-element_type=\"widget\" data-widget_type=\"heading.default\">\n\t\t\t\t<div class=\"elementor-widget-container\">\n\t\t\t\t\t<h2 class=\"elementor-heading-title elementor-size-default\">Colegiaci\u00f3n<\/h2>\t\t\t\t<\/div>\n\t\t\t\t<\/div>\n\t\t\t\t<div class=\"elementor-element elementor-element-149aff0a elementor-widget elementor-widget-heading\" data-id=\"149aff0a\" data-element_type=\"widget\" data-widget_type=\"heading.default\">\n\t\t\t\t<div class=\"elementor-widget-container\">\n\t\t\t\t\t<h2 class=\"elementor-heading-title elementor-size-default\">Precolegiaci\u00f3n online<\/h2>\t\t\t\t<\/div>\n\t\t\t\t<\/div>\n\t\t\t\t<div class=\"elementor-element elementor-element-1fdba1db elementor-widget elementor-widget-text-editor\" data-id=\"1fdba1db\" data-element_type=\"widget\" data-widget_type=\"text-editor.default\">\n\t\t\t\t<div class=\"elementor-widget-container\">\n\t\t\t\t\t\t\t\t\t<p data-start=\"450\" data-end=\"696\">\u00bfEst\u00e1s finalizando tu carrera y deseas iniciar los tr\u00e1mites de colegiaci\u00f3n? Puedes comenzar el proceso realizando la <strong data-start=\"567\" data-end=\"585\">precolegiaci\u00f3n<\/strong>, una opci\u00f3n pensada para que el tr\u00e1mite oficial sea m\u00e1s \u00e1gil una vez que dispongas de toda la documentaci\u00f3n.<\/p><p data-start=\"698\" data-end=\"865\">Contacta con nuestro equipo para m\u00e1s informaci\u00f3n:<br data-start=\"747\" data-end=\"750\" \/>\ud83d\udcde 987 20 55 51 \/ 987 25 14 13<br data-start=\"780\" data-end=\"783\" \/>\ud83d\udce0 987 25 53 52<br data-start=\"798\" data-end=\"801\" \/>\ud83d\udce7 <a class=\"cursor-pointer\" rel=\"noopener\" data-start=\"804\" data-end=\"865\">administracion@comleon.es<\/a><\/p>\t\t\t\t\t\t\t\t<\/div>\n\t\t\t\t<\/div>\n\t\t\t\t<\/div>\n\t\t<div data-particle_enable=\"false\" data-particle-mobile-disabled=\"false\" class=\"elementor-element elementor-element-4029829b e-con-full e-flex elementor-invisible e-con e-child\" data-id=\"4029829b\" data-element_type=\"container\" data-settings=\"{&quot;animation&quot;:&quot;fadeInRight&quot;}\">\n\t\t\t\t<div class=\"elementor-element elementor-element-37c897c2 elementor-invisible elementor-widget elementor-widget-image\" data-id=\"37c897c2\" data-element_type=\"widget\" data-settings=\"{&quot;_animation&quot;:&quot;fadeInRight&quot;}\" data-widget_type=\"image.default\">\n\t\t\t\t<div class=\"elementor-widget-container\">\n\t\t\t\t\t\t\t\t\t\t\t\t\t\t\t<img fetchpriority=\"high\" decoding=\"async\" width=\"800\" height=\"480\" src=\"https:\/\/cursopracticoseo.com\/colmed\/wp-content\/uploads\/2025\/07\/1.jpg\" class=\"attachment-large size-large wp-image-307\" alt=\"\" srcset=\"https:\/\/cursopracticoseo.com\/colmed\/wp-content\/uploads\/2025\/07\/1.jpg 1000w, https:\/\/cursopracticoseo.com\/colmed\/wp-content\/uploads\/2025\/07\/1-300x180.jpg 300w, https:\/\/cursopracticoseo.com\/colmed\/wp-content\/uploads\/2025\/07\/1-768x461.jpg 768w\" sizes=\"(max-width: 800px) 100vw, 800px\" \/>\t\t\t\t\t\t\t\t\t\t\t\t\t\t\t<\/div>\n\t\t\t\t<\/div>\n\t\t\t\t<\/div>\n\t\t\t\t\t<\/div>\n\t\t\t\t<\/div>\n\t\t<div data-particle_enable=\"false\" data-particle-mobile-disabled=\"false\" class=\"elementor-element elementor-element-0b39b33 e-flex e-con-boxed e-con e-parent\" data-id=\"0b39b33\" data-element_type=\"container\" data-settings=\"{&quot;background_background&quot;:&quot;classic&quot;}\">\n\t\t\t\t\t<div class=\"e-con-inner\">\n\t\t<div data-particle_enable=\"false\" data-particle-mobile-disabled=\"false\" class=\"elementor-element elementor-element-193ad29 e-con-full e-flex e-con e-child\" data-id=\"193ad29\" data-element_type=\"container\">\n\t\t\t\t<div class=\"elementor-element elementor-element-3d8e005 elementor-invisible elementor-widget elementor-widget-image\" data-id=\"3d8e005\" data-element_type=\"widget\" data-settings=\"{&quot;_animation&quot;:&quot;fadeInLeft&quot;}\" data-widget_type=\"image.default\">\n\t\t\t\t<div class=\"elementor-widget-container\">\n\t\t\t\t\t\t\t\t\t\t\t\t\t\t\t<img decoding=\"async\" width=\"800\" height=\"480\" src=\"https:\/\/cursopracticoseo.com\/colmed\/wp-content\/uploads\/2025\/07\/2.jpg\" class=\"attachment-large size-large wp-image-306\" alt=\"\" srcset=\"https:\/\/cursopracticoseo.com\/colmed\/wp-content\/uploads\/2025\/07\/2.jpg 1000w, https:\/\/cursopracticoseo.com\/colmed\/wp-content\/uploads\/2025\/07\/2-300x180.jpg 300w, https:\/\/cursopracticoseo.com\/colmed\/wp-content\/uploads\/2025\/07\/2-768x461.jpg 768w\" sizes=\"(max-width: 800px) 100vw, 800px\" \/>\t\t\t\t\t\t\t\t\t\t\t\t\t\t\t<\/div>\n\t\t\t\t<\/div>\n\t\t\t\t<\/div>\n\t\t<div data-particle_enable=\"false\" data-particle-mobile-disabled=\"false\" class=\"elementor-element elementor-element-171eca6 e-con-full e-flex elementor-invisible e-con e-child\" data-id=\"171eca6\" data-element_type=\"container\" data-settings=\"{&quot;animation&quot;:&quot;fadeInRight&quot;}\">\n\t\t\t\t<div class=\"elementor-element elementor-element-8d97f94 elementor-widget elementor-widget-heading\" data-id=\"8d97f94\" data-element_type=\"widget\" data-widget_type=\"heading.default\">\n\t\t\t\t<div class=\"elementor-widget-container\">\n\t\t\t\t\t<h2 class=\"elementor-heading-title elementor-size-default\">Colegiaci\u00f3n<\/h2>\t\t\t\t<\/div>\n\t\t\t\t<\/div>\n\t\t\t\t<div class=\"elementor-element elementor-element-9d56be0 elementor-widget elementor-widget-heading\" data-id=\"9d56be0\" data-element_type=\"widget\" data-widget_type=\"heading.default\">\n\t\t\t\t<div class=\"elementor-widget-container\">\n\t\t\t\t\t<h2 class=\"elementor-heading-title elementor-size-default\">Tr\u00e1mites y Documentaci\u00f3n Requerida<\/h2>\t\t\t\t<\/div>\n\t\t\t\t<\/div>\n\t\t\t\t<div class=\"elementor-element elementor-element-860cbf2 elementor-widget elementor-widget-text-editor\" data-id=\"860cbf2\" data-element_type=\"widget\" data-widget_type=\"text-editor.default\">\n\t\t\t\t<div class=\"elementor-widget-container\">\n\t\t\t\t\t\t\t\t\t<p data-start=\"922\" data-end=\"1046\">Para formalizar tu colegiaci\u00f3n debes presentar la siguiente documentaci\u00f3n <strong data-start=\"996\" data-end=\"1019\">de forma presencial<\/strong> en nuestras instalaciones:<\/p><p data-start=\"1050\" data-end=\"1112\"><strong data-start=\"1052\" data-end=\"1098\">-&gt; T\u00edtulo de Licenciado en Medicina y Cirug\u00eda <\/strong>o bien:<\/p><ul><li style=\"list-style-type: none;\"><ul data-start=\"1115\" data-end=\"1199\"><li data-start=\"1115\" data-end=\"1152\"><p data-start=\"1117\" data-end=\"1152\">Resguardo del dep\u00f3sito del t\u00edtulo<\/p><\/li><li data-start=\"1155\" data-end=\"1199\"><p data-start=\"1157\" data-end=\"1199\">Certificado de estudios (ambos originales)<\/p><\/li><\/ul><\/li><\/ul><p data-start=\"1203\" data-end=\"1341\"><strong data-start=\"1205\" data-end=\"1266\">-&gt; Homologaci\u00f3n del t\u00edtulo (en caso de estudios extranjeros). <\/strong>Documento original emitido por el <strong data-start=\"1305\" data-end=\"1340\">Ministerio de Educaci\u00f3n Espa\u00f1ol<\/strong>. <a href=\"https:\/\/www.gmc-uk.org\/registration-and-licensing\/managing-your-registration\/proof-of-registration\/cgs-directory\">Certificado de Idoneidad Profesional Legalizado y Apostillado.<\/a><\/p><p data-start=\"1345\" data-end=\"1420\"><strong data-start=\"1347\" data-end=\"1373\">-&gt; T\u00edtulo de especialista<\/strong> o <strong data-start=\"1376\" data-end=\"1408\">justificante de especialidad<\/strong> (si aplica)<\/p><p data-start=\"1424\" data-end=\"1474\"><span data-start=\"1426\" data-end=\"1458\">-&gt; <\/span><strong data-start=\"1426\" data-end=\"1458\">Fotograf\u00eda reciente en color<\/strong> (tama\u00f1o carnet).<\/p><p data-start=\"1424\" data-end=\"1474\">-&gt; <strong data-start=\"1480\" data-end=\"1520\">DNI original o Tarjeta de Residencia.<\/strong><\/p><p data-start=\"1524\" data-end=\"1599\"><strong data-start=\"1526\" data-end=\"1561\">-&gt; Baja del colegio de procedencia<\/strong> (si has estado previamente colegiado)<\/p><p data-start=\"1603\" data-end=\"1775\"><strong data-start=\"1605\" data-end=\"1651\">-&gt; M\u00e9dicos extranjeros (primera colegiaci\u00f3n): <\/strong>Certificado de <strong data-start=\"1671\" data-end=\"1713\">no estar inhabilitado profesionalmente<\/strong> o <strong data-start=\"1716\" data-end=\"1738\">carta deontol\u00f3gica<\/strong> debidamente apostillada por La Haya.<\/p><p data-start=\"1603\" data-end=\"1775\"><strong data-start=\"1781\" data-end=\"1820\">-&gt; Documento de domiciliaci\u00f3n bancaria<\/strong><\/p><p data-start=\"1824\" data-end=\"1877\"><strong data-start=\"1826\" data-end=\"1877\">-&gt; Justificante del ingreso de la cuota de entrada<\/strong><\/p>\t\t\t\t\t\t\t\t<\/div>\n\t\t\t\t<\/div>\n\t\t\t\t<\/div>\n\t\t\t\t\t<\/div>\n\t\t\t\t<\/div>\n\t\t<div data-particle_enable=\"false\" data-particle-mobile-disabled=\"false\" class=\"elementor-element elementor-element-6759ec0a e-flex e-con-boxed e-con e-parent\" data-id=\"6759ec0a\" data-element_type=\"container\">\n\t\t\t\t\t<div class=\"e-con-inner\">\n\t\t<div data-particle_enable=\"false\" data-particle-mobile-disabled=\"false\" class=\"elementor-element elementor-element-5ee5de28 e-con-full e-flex elementor-invisible e-con e-child\" data-id=\"5ee5de28\" data-element_type=\"container\" data-settings=\"{&quot;animation&quot;:&quot;fadeInLeft&quot;}\">\n\t\t\t\t<div class=\"elementor-element elementor-element-6ca6b119 elementor-widget elementor-widget-heading\" data-id=\"6ca6b119\" data-element_type=\"widget\" data-widget_type=\"heading.default\">\n\t\t\t\t<div class=\"elementor-widget-container\">\n\t\t\t\t\t<h2 class=\"elementor-heading-title elementor-size-default\">Colegiaci\u00f3n<\/h2>\t\t\t\t<\/div>\n\t\t\t\t<\/div>\n\t\t\t\t<div class=\"elementor-element elementor-element-50917776 elementor-widget elementor-widget-heading\" data-id=\"50917776\" data-element_type=\"widget\" data-widget_type=\"heading.default\">\n\t\t\t\t<div class=\"elementor-widget-container\">\n\t\t\t\t\t<h2 class=\"elementor-heading-title elementor-size-default\">Cuotas<\/h2>\t\t\t\t<\/div>\n\t\t\t\t<\/div>\n\t\t\t\t<div class=\"elementor-element elementor-element-2a451928 elementor-widget elementor-widget-text-editor\" data-id=\"2a451928\" data-element_type=\"widget\" data-widget_type=\"text-editor.default\">\n\t\t\t\t<div class=\"elementor-widget-container\">\n\t\t\t\t\t\t\t\t\t<p data-start=\"1924\" data-end=\"2034\">En el momento de formalizar la colegiaci\u00f3n debes realizar el ingreso correspondiente en la cuenta del Colegio:<\/p><p data-start=\"2036\" data-end=\"2111\"><strong data-start=\"2036\" data-end=\"2056\">Cuenta bancaria:<\/strong><br data-start=\"2056\" data-end=\"2059\" \/><strong data-start=\"2059\" data-end=\"2069\">ABANCA<\/strong> \u2013 IBAN: <strong data-start=\"2078\" data-end=\"2111\">ES90 2080 0910 7330 4009 6408<\/strong><\/p><h4 data-start=\"2113\" data-end=\"2125\">Cuotas:<\/h4><ul data-start=\"2126\" data-end=\"2316\"><li data-start=\"2126\" data-end=\"2171\"><p data-start=\"2128\" data-end=\"2171\">\ud83d\udcbc <strong data-start=\"2131\" data-end=\"2160\">Cuota de entrada general:<\/strong> 155,00 \u20ac<\/p><\/li><li data-start=\"2172\" data-end=\"2245\"><p data-start=\"2174\" data-end=\"2245\">\ud83e\uddd1\u200d\u2695\ufe0f <strong data-start=\"2180\" data-end=\"2235\">1\u00aa Colegiaci\u00f3n (Cuota MIR \u2013 meses de mayo y junio):<\/strong> 73,54 \u20ac<\/p><\/li><li data-start=\"2246\" data-end=\"2316\"><p data-start=\"2248\" data-end=\"2316\">\ud83e\uddd2 <strong data-start=\"2251\" data-end=\"2306\">Patronato de Hu\u00e9rfanos (opcional, para esos meses):<\/strong> 16,71 \u20ac<\/p><\/li><\/ul><blockquote data-start=\"2318\" data-end=\"2426\"><p data-start=\"2320\" data-end=\"2426\"><strong data-start=\"2320\" data-end=\"2335\">Importante:<\/strong> Recuerda presentar el <strong data-start=\"2358\" data-end=\"2386\">justificante del ingreso<\/strong> junto con el resto de la documentaci\u00f3n.<\/p><\/blockquote>\t\t\t\t\t\t\t\t<\/div>\n\t\t\t\t<\/div>\n\t\t\t\t<\/div>\n\t\t<div data-particle_enable=\"false\" data-particle-mobile-disabled=\"false\" class=\"elementor-element elementor-element-17859aba e-con-full e-flex elementor-invisible e-con e-child\" data-id=\"17859aba\" data-element_type=\"container\" data-settings=\"{&quot;animation&quot;:&quot;fadeInRight&quot;}\">\n\t\t\t\t<div class=\"elementor-element elementor-element-34d93387 elementor-invisible elementor-widget elementor-widget-image\" data-id=\"34d93387\" data-element_type=\"widget\" data-settings=\"{&quot;_animation&quot;:&quot;fadeInRight&quot;}\" data-widget_type=\"image.default\">\n\t\t\t\t<div class=\"elementor-widget-container\">\n\t\t\t\t\t\t\t\t\t\t\t\t\t\t\t<img decoding=\"async\" width=\"800\" height=\"480\" src=\"https:\/\/cursopracticoseo.com\/colmed\/wp-content\/uploads\/2025\/07\/3.jpg\" class=\"attachment-large size-large wp-image-305\" alt=\"\" srcset=\"https:\/\/cursopracticoseo.com\/colmed\/wp-content\/uploads\/2025\/07\/3.jpg 1000w, https:\/\/cursopracticoseo.com\/colmed\/wp-content\/uploads\/2025\/07\/3-300x180.jpg 300w, https:\/\/cursopracticoseo.com\/colmed\/wp-content\/uploads\/2025\/07\/3-768x461.jpg 768w\" sizes=\"(max-width: 800px) 100vw, 800px\" \/>\t\t\t\t\t\t\t\t\t\t\t\t\t\t\t<\/div>\n\t\t\t\t<\/div>\n\t\t\t\t<\/div>\n\t\t\t\t\t<\/div>\n\t\t\t\t<\/div>\n\t\t\t\t<\/div>\n\t\t","protected":false},"excerpt":{"rendered":"<p>Inicio \/ P\u00e1gina Ventajas de la colegiaci\u00f3n Protecci\u00f3n profesional y legal Acceso a formaci\u00f3n continua Red de apoyo social y bienestar Garant\u00eda de ejercicio profesional Ventajas exclusivas para colegiados Participaci\u00f3n y representaci\u00f3n Apoyo en el desarrollo profesional Seguro de asistencia en viaje Seguro de vida Precolegiaci\u00f3n online \u00bfEst\u00e1s finalizando tu carrera y deseas iniciar los [&hellip;]<\/p>\n","protected":false},"author":1,"featured_media":0,"parent":219,"menu_order":0,"comment_status":"closed","ping_status":"closed","template":"","meta":{"footnotes":""},"class_list":["post-298","page","type-page","status-publish","hentry"],"_links":{"self":[{"href":"https:\/\/cursopracticoseo.com\/colmed\/wp-json\/wp\/v2\/pages\/298","targetHints":{"allow":["GET"]}}],"collection":[{"href":"https:\/\/cursopracticoseo.com\/colmed\/wp-json\/wp\/v2\/pages"}],"about":[{"href":"https:\/\/cursopracticoseo.com\/colmed\/wp-json\/wp\/v2\/types\/page"}],"author":[{"embeddable":true,"href":"https:\/\/cursopracticoseo.com\/colmed\/wp-json\/wp\/v2\/users\/1"}],"replies":[{"embeddable":true,"href":"https:\/\/cursopracticoseo.com\/colmed\/wp-json\/wp\/v2\/comments?post=298"}],"version-history":[{"count":40,"href":"https:\/\/cursopracticoseo.com\/colmed\/wp-json\/wp\/v2\/pages\/298\/revisions"}],"predecessor-version":[{"id":1330,"href":"https:\/\/cursopracticoseo.com\/colmed\/wp-json\/wp\/v2\/pages\/298\/revisions\/1330"}],"up":[{"embeddable":true,"href":"https:\/\/cursopracticoseo.com\/colmed\/wp-json\/wp\/v2\/pages\/219"}],"wp:attachment":[{"href":"https:\/\/cursopracticoseo.com\/colmed\/wp-json\/wp\/v2\/media?parent=298"}],"curies":[{"name":"wp","href":"https:\/\/api.w.org\/{rel}","templated":true}]}}