{"id":317,"date":"2025-07-18T16:31:43","date_gmt":"2025-07-18T16:31:43","guid":{"rendered":"https:\/\/cursopracticoseo.com\/colmed\/?page_id=317"},"modified":"2025-09-02T10:52:08","modified_gmt":"2025-09-02T10:52:08","slug":"busqueda-de-colegiados","status":"publish","type":"page","link":"https:\/\/cursopracticoseo.com\/colmed\/servicios\/busqueda-de-colegiados\/","title":{"rendered":"B\u00fasqueda de colegiados"},"content":{"rendered":"\t\t<div data-elementor-type=\"wp-page\" data-elementor-id=\"317\" class=\"elementor elementor-317\" data-elementor-post-type=\"page\">\n\t\t\t\t<div data-particle_enable=\"false\" data-particle-mobile-disabled=\"false\" class=\"elementor-element elementor-element-6c7f57b e-flex e-con-boxed e-con e-parent\" data-id=\"6c7f57b\" data-element_type=\"container\" data-settings=\"{&quot;background_background&quot;:&quot;classic&quot;}\">\n\t\t\t\t\t<div class=\"e-con-inner\">\n\t\t\t\t<div class=\"elementor-element elementor-element-5782da1 elementor-invisible elementor-widget elementor-widget-heading\" data-id=\"5782da1\" data-element_type=\"widget\" data-settings=\"{&quot;motion_fx_motion_fx_mouse&quot;:&quot;yes&quot;,&quot;_animation&quot;:&quot;fadeInLeft&quot;}\" data-widget_type=\"heading.default\">\n\t\t\t\t<div class=\"elementor-widget-container\">\n\t\t\t\t\t<h2 class=\"elementor-heading-title elementor-size-default\">B\u00fasqueda de colegiados<\/h2>\t\t\t\t<\/div>\n\t\t\t\t<\/div>\n\t\t\t\t<div class=\"elementor-element elementor-element-381d988 elementor-widget elementor-widget-eael-breadcrumbs\" data-id=\"381d988\" data-element_type=\"widget\" data-widget_type=\"eael-breadcrumbs.default\">\n\t\t\t\t<div class=\"elementor-widget-container\">\n\t\t\t\t\t\t\t<div class=\"eael-breadcrumbs\">\n\t\t\t<div class=\"eael-breadcrumbs__content\"><a href=\"https:\/\/cursopracticoseo.com\/colmed\">Inicio<\/a> <span class=\"eael-breadcrumb-separator\">\/<\/span> <span class = \"eael-current\">P\u00e1gina<\/span><\/div>\t\t<\/div>\n\t\t\t\t\t\t<\/div>\n\t\t\t\t<\/div>\n\t\t\t\t\t<\/div>\n\t\t\t\t<\/div>\n\t\t<div data-particle_enable=\"false\" data-particle-mobile-disabled=\"false\" class=\"elementor-element elementor-element-397e8a75 e-flex e-con-boxed e-con e-parent\" data-id=\"397e8a75\" data-element_type=\"container\">\n\t\t\t\t\t<div class=\"e-con-inner\">\n\t\t<div data-particle_enable=\"false\" data-particle-mobile-disabled=\"false\" class=\"elementor-element elementor-element-312ab32c e-con-full e-flex elementor-invisible e-con e-child\" data-id=\"312ab32c\" data-element_type=\"container\" data-settings=\"{&quot;animation&quot;:&quot;fadeInLeft&quot;}\">\n\t\t\t\t<div class=\"elementor-element elementor-element-542a38e9 elementor-widget elementor-widget-heading\" data-id=\"542a38e9\" data-element_type=\"widget\" data-widget_type=\"heading.default\">\n\t\t\t\t<div class=\"elementor-widget-container\">\n\t\t\t\t\t<h2 class=\"elementor-heading-title elementor-size-default\">B\u00fasqueda de colegiados<\/h2>\t\t\t\t<\/div>\n\t\t\t\t<\/div>\n\t\t\t\t<div class=\"elementor-element elementor-element-149aff0a elementor-widget elementor-widget-heading\" data-id=\"149aff0a\" data-element_type=\"widget\" data-widget_type=\"heading.default\">\n\t\t\t\t<div class=\"elementor-widget-container\">\n\t\t\t\t\t<h2 class=\"elementor-heading-title elementor-size-default\"><a href=\"https:\/\/www.comleon.es\/consulta.php\">\u00bfEst\u00e1 tu m\u00e9dico colegiado en Le\u00f3n?<\/a><\/h2>\t\t\t\t<\/div>\n\t\t\t\t<\/div>\n\t\t\t\t<div class=\"elementor-element elementor-element-1fdba1db elementor-widget elementor-widget-text-editor\" data-id=\"1fdba1db\" data-element_type=\"widget\" data-widget_type=\"text-editor.default\">\n\t\t\t\t<div class=\"elementor-widget-container\">\n\t\t\t\t\t\t\t\t\t<p data-start=\"206\" data-end=\"401\">Comprobar si un profesional m\u00e9dico est\u00e1 correctamente colegiado es un paso clave para garantizar tu seguridad como paciente. La <strong data-start=\"334\" data-end=\"368\">consulta p\u00fablica de colegiados<\/strong> permite confirmar que tu m\u00e9dico:<\/p><ul data-start=\"403\" data-end=\"549\"><li data-start=\"403\" data-end=\"457\"><p data-start=\"405\" data-end=\"457\">Est\u00e1 habilitado para ejercer la Medicina en Espa\u00f1a<\/p><\/li><li data-start=\"458\" data-end=\"513\"><p data-start=\"460\" data-end=\"513\">Cumple con los requisitos legales y \u00e9ticos exigidos<\/p><\/li><li data-start=\"514\" data-end=\"549\"><p data-start=\"516\" data-end=\"549\">Posee la especialidad que declara<\/p><\/li><\/ul><p data-start=\"551\" data-end=\"668\">Adem\u00e1s, es una forma de poner en valor el trabajo y compromiso de los m\u00e9dicos que forman parte del sistema sanitario.<\/p>\t\t\t\t\t\t\t\t<\/div>\n\t\t\t\t<\/div>\n\t\t\t\t<div class=\"elementor-element elementor-element-8760ed0 elementor-widget elementor-widget-heading\" data-id=\"8760ed0\" data-element_type=\"widget\" data-widget_type=\"heading.default\">\n\t\t\t\t<div class=\"elementor-widget-container\">\n\t\t\t\t\t<h2 class=\"elementor-heading-title elementor-size-default\"><a href=\"https:\/\/www.comleon.es\/consulta.php\">Buscador de M\u00e9dicos Colegiados en la Provincia de Le\u00f3n<\/a><\/h2>\t\t\t\t<\/div>\n\t\t\t\t<\/div>\n\t\t\t\t<div class=\"elementor-element elementor-element-280e554 elementor-widget elementor-widget-text-editor\" data-id=\"280e554\" data-element_type=\"widget\" data-widget_type=\"text-editor.default\">\n\t\t\t\t<div class=\"elementor-widget-container\">\n\t\t\t\t\t\t\t\t\t<p data-start=\"738\" data-end=\"950\">Desde el <strong data-start=\"747\" data-end=\"785\">Colegio Oficial de M\u00e9dicos de Le\u00f3n<\/strong>, ponemos a tu disposici\u00f3n una herramienta de b\u00fasqueda con la que podr\u00e1s verificar si un m\u00e9dico est\u00e1 colegiado en nuestra provincia. Puedes realizar la consulta por:<\/p><ul data-start=\"952\" data-end=\"1020\"><li data-start=\"952\" data-end=\"974\"><p data-start=\"954\" data-end=\"974\">Nombre o apellidos<\/p><\/li><li data-start=\"975\" data-end=\"998\"><p data-start=\"977\" data-end=\"998\">N\u00famero de colegiado<\/p><\/li><li data-start=\"999\" data-end=\"1020\"><p data-start=\"1001\" data-end=\"1020\">Especialidad m\u00e9dica<\/p><\/li><\/ul>\t\t\t\t\t\t\t\t<\/div>\n\t\t\t\t<\/div>\n\t\t\t\t<div class=\"elementor-element elementor-element-dd1db7a elementor-widget elementor-widget-heading\" data-id=\"dd1db7a\" data-element_type=\"widget\" data-widget_type=\"heading.default\">\n\t\t\t\t<div class=\"elementor-widget-container\">\n\t\t\t\t\t<h2 class=\"elementor-heading-title elementor-size-default\"><a href=\"https:\/\/www.comleon.es\/consulta.php\">Consulta Nacional de Colegiados \u2013 CGCOM<\/a><\/h2>\t\t\t\t<\/div>\n\t\t\t\t<\/div>\n\t\t\t\t<div class=\"elementor-element elementor-element-3262bc1 elementor-widget elementor-widget-text-editor\" data-id=\"3262bc1\" data-element_type=\"widget\" data-widget_type=\"text-editor.default\">\n\t\t\t\t<div class=\"elementor-widget-container\">\n\t\t\t\t\t\t\t\t\t<p data-start=\"1128\" data-end=\"1373\">\u00bfNo has encontrado al profesional que buscas en el listado provincial? Tambi\u00e9n puedes consultar el registro nacional a trav\u00e9s del <strong data-start=\"1258\" data-end=\"1318\">Consejo General de Colegios Oficiales de M\u00e9dicos (CGCOM)<\/strong>, donde figuran todos los m\u00e9dicos colegiados en Espa\u00f1a.<\/p><p data-start=\"1375\" data-end=\"1473\"><a class=\"cursor-pointer\" href=\"https:\/\/www.cgcom.es\/servicios\/consulta-publica-de-colegiados\" target=\"_new\" rel=\"noopener\" data-start=\"1378\" data-end=\"1473\">Accede a la consulta p\u00fablica nacional de colegiados<\/a><\/p>\t\t\t\t\t\t\t\t<\/div>\n\t\t\t\t<\/div>\n\t\t\t\t<\/div>\n\t\t\t\t\t<\/div>\n\t\t\t\t<\/div>\n\t\t\t\t<\/div>\n\t\t","protected":false},"excerpt":{"rendered":"<p>Inicio \/ P\u00e1gina \u00bfEst\u00e1 tu m\u00e9dico colegiado en Le\u00f3n? Comprobar si un profesional m\u00e9dico est\u00e1 correctamente colegiado es un paso clave para garantizar tu seguridad como paciente. La consulta p\u00fablica de colegiados permite confirmar que tu m\u00e9dico: Est\u00e1 habilitado para ejercer la Medicina en Espa\u00f1a Cumple con los requisitos legales y \u00e9ticos exigidos Posee la [&hellip;]<\/p>\n","protected":false},"author":1,"featured_media":0,"parent":219,"menu_order":0,"comment_status":"closed","ping_status":"closed","template":"","meta":{"footnotes":""},"class_list":["post-317","page","type-page","status-publish","hentry"],"_links":{"self":[{"href":"https:\/\/cursopracticoseo.com\/colmed\/wp-json\/wp\/v2\/pages\/317","targetHints":{"allow":["GET"]}}],"collection":[{"href":"https:\/\/cursopracticoseo.com\/colmed\/wp-json\/wp\/v2\/pages"}],"about":[{"href":"https:\/\/cursopracticoseo.com\/colmed\/wp-json\/wp\/v2\/types\/page"}],"author":[{"embeddable":true,"href":"https:\/\/cursopracticoseo.com\/colmed\/wp-json\/wp\/v2\/users\/1"}],"replies":[{"embeddable":true,"href":"https:\/\/cursopracticoseo.com\/colmed\/wp-json\/wp\/v2\/comments?post=317"}],"version-history":[{"count":16,"href":"https:\/\/cursopracticoseo.com\/colmed\/wp-json\/wp\/v2\/pages\/317\/revisions"}],"predecessor-version":[{"id":1345,"href":"https:\/\/cursopracticoseo.com\/colmed\/wp-json\/wp\/v2\/pages\/317\/revisions\/1345"}],"up":[{"embeddable":true,"href":"https:\/\/cursopracticoseo.com\/colmed\/wp-json\/wp\/v2\/pages\/219"}],"wp:attachment":[{"href":"https:\/\/cursopracticoseo.com\/colmed\/wp-json\/wp\/v2\/media?parent=317"}],"curies":[{"name":"wp","href":"https:\/\/api.w.org\/{rel}","templated":true}]}}