{"id":406,"date":"2025-07-21T21:39:53","date_gmt":"2025-07-21T21:39:53","guid":{"rendered":"https:\/\/cursopracticoseo.com\/colmed\/?page_id=406"},"modified":"2025-09-02T11:06:45","modified_gmt":"2025-09-02T11:06:45","slug":"seguros","status":"publish","type":"page","link":"https:\/\/cursopracticoseo.com\/colmed\/servicios\/seguros\/","title":{"rendered":"Seguros"},"content":{"rendered":"\t\t<div data-elementor-type=\"wp-page\" data-elementor-id=\"406\" class=\"elementor elementor-406\" data-elementor-post-type=\"page\">\n\t\t\t\t<div data-particle_enable=\"false\" data-particle-mobile-disabled=\"false\" class=\"elementor-element elementor-element-6c7f57b e-flex e-con-boxed e-con e-parent\" data-id=\"6c7f57b\" data-element_type=\"container\" data-settings=\"{&quot;background_background&quot;:&quot;classic&quot;}\">\n\t\t\t\t\t<div class=\"e-con-inner\">\n\t\t\t\t<div class=\"elementor-element elementor-element-5782da1 elementor-invisible elementor-widget elementor-widget-heading\" data-id=\"5782da1\" data-element_type=\"widget\" data-settings=\"{&quot;motion_fx_motion_fx_mouse&quot;:&quot;yes&quot;,&quot;_animation&quot;:&quot;fadeInLeft&quot;}\" data-widget_type=\"heading.default\">\n\t\t\t\t<div class=\"elementor-widget-container\">\n\t\t\t\t\t<h2 class=\"elementor-heading-title elementor-size-default\">Seguros<\/h2>\t\t\t\t<\/div>\n\t\t\t\t<\/div>\n\t\t\t\t<div class=\"elementor-element elementor-element-381d988 elementor-widget elementor-widget-eael-breadcrumbs\" data-id=\"381d988\" data-element_type=\"widget\" data-widget_type=\"eael-breadcrumbs.default\">\n\t\t\t\t<div class=\"elementor-widget-container\">\n\t\t\t\t\t\t\t<div class=\"eael-breadcrumbs\">\n\t\t\t<div class=\"eael-breadcrumbs__content\"><a href=\"https:\/\/cursopracticoseo.com\/colmed\">Inicio<\/a> <span class=\"eael-breadcrumb-separator\">\/<\/span> <span class = \"eael-current\">P\u00e1gina<\/span><\/div>\t\t<\/div>\n\t\t\t\t\t\t<\/div>\n\t\t\t\t<\/div>\n\t\t\t\t\t<\/div>\n\t\t\t\t<\/div>\n\t\t<div data-particle_enable=\"false\" data-particle-mobile-disabled=\"false\" class=\"elementor-element elementor-element-397e8a75 e-flex e-con-boxed e-con e-parent\" data-id=\"397e8a75\" data-element_type=\"container\">\n\t\t\t\t\t<div class=\"e-con-inner\">\n\t\t<div data-particle_enable=\"false\" data-particle-mobile-disabled=\"false\" class=\"elementor-element elementor-element-312ab32c e-con-full e-flex elementor-invisible e-con e-child\" data-id=\"312ab32c\" data-element_type=\"container\" data-settings=\"{&quot;animation&quot;:&quot;fadeInLeft&quot;}\">\n\t\t\t\t<div class=\"elementor-element elementor-element-542a38e9 elementor-widget elementor-widget-heading\" data-id=\"542a38e9\" data-element_type=\"widget\" data-widget_type=\"heading.default\">\n\t\t\t\t<div class=\"elementor-widget-container\">\n\t\t\t\t\t<h2 class=\"elementor-heading-title elementor-size-default\">Seguros<\/h2>\t\t\t\t<\/div>\n\t\t\t\t<\/div>\n\t\t\t\t<div class=\"elementor-element elementor-element-149aff0a elementor-widget elementor-widget-heading\" data-id=\"149aff0a\" data-element_type=\"widget\" data-widget_type=\"heading.default\">\n\t\t\t\t<div class=\"elementor-widget-container\">\n\t\t\t\t\t<h2 class=\"elementor-heading-title elementor-size-default\">Seguros para Colegiados\n<\/h2>\t\t\t\t<\/div>\n\t\t\t\t<\/div>\n\t\t\t\t<div class=\"elementor-element elementor-element-1fdba1db elementor-widget elementor-widget-text-editor\" data-id=\"1fdba1db\" data-element_type=\"widget\" data-widget_type=\"text-editor.default\">\n\t\t\t\t<div class=\"elementor-widget-container\">\n\t\t\t\t\t\t\t\t\t<p data-start=\"313\" data-end=\"533\"><strong data-start=\"313\" data-end=\"324\">Uniteco<\/strong> y el <strong data-start=\"330\" data-end=\"368\">Colegio Oficial de M\u00e9dicos de Le\u00f3n<\/strong> se unen para ofrecerte <strong data-start=\"392\" data-end=\"443\">protecci\u00f3n personalizada, beneficios exclusivos<\/strong> y una gama completa de seguros dise\u00f1ados especialmente para profesionales de la medicina.<\/p>\t\t\t\t\t\t\t\t<\/div>\n\t\t\t\t<\/div>\n\t\t\t\t<\/div>\n\t\t<div data-particle_enable=\"false\" data-particle-mobile-disabled=\"false\" class=\"elementor-element elementor-element-4029829b e-con-full e-flex elementor-invisible e-con e-child\" data-id=\"4029829b\" data-element_type=\"container\" data-settings=\"{&quot;animation&quot;:&quot;fadeInRight&quot;}\">\n\t\t\t\t<div class=\"elementor-element elementor-element-37c897c2 elementor-invisible elementor-widget elementor-widget-image\" data-id=\"37c897c2\" data-element_type=\"widget\" data-settings=\"{&quot;_animation&quot;:&quot;fadeInRight&quot;}\" data-widget_type=\"image.default\">\n\t\t\t\t<div class=\"elementor-widget-container\">\n\t\t\t\t\t\t\t\t\t\t\t\t\t\t\t<img fetchpriority=\"high\" decoding=\"async\" width=\"800\" height=\"480\" src=\"https:\/\/cursopracticoseo.com\/colmed\/wp-content\/uploads\/2025\/07\/Diseno-sin-titulo-6.jpg\" class=\"attachment-large size-large wp-image-414\" alt=\"\" srcset=\"https:\/\/cursopracticoseo.com\/colmed\/wp-content\/uploads\/2025\/07\/Diseno-sin-titulo-6.jpg 1000w, https:\/\/cursopracticoseo.com\/colmed\/wp-content\/uploads\/2025\/07\/Diseno-sin-titulo-6-300x180.jpg 300w, https:\/\/cursopracticoseo.com\/colmed\/wp-content\/uploads\/2025\/07\/Diseno-sin-titulo-6-768x461.jpg 768w\" sizes=\"(max-width: 800px) 100vw, 800px\" \/>\t\t\t\t\t\t\t\t\t\t\t\t\t\t\t<\/div>\n\t\t\t\t<\/div>\n\t\t\t\t<\/div>\n\t\t\t\t\t<\/div>\n\t\t\t\t<\/div>\n\t\t<div data-particle_enable=\"false\" data-particle-mobile-disabled=\"false\" class=\"elementor-element elementor-element-850193a e-flex e-con-boxed e-con e-parent\" data-id=\"850193a\" data-element_type=\"container\">\n\t\t\t\t\t<div class=\"e-con-inner\">\n\t\t<div data-particle_enable=\"false\" data-particle-mobile-disabled=\"false\" class=\"elementor-element elementor-element-e95081f e-con-full e-flex e-con e-child\" data-id=\"e95081f\" data-element_type=\"container\">\n\t\t\t\t<div class=\"elementor-element elementor-element-c321a2b elementor-view-default elementor-position-top elementor-mobile-position-top elementor-widget elementor-widget-icon-box\" data-id=\"c321a2b\" data-element_type=\"widget\" data-widget_type=\"icon-box.default\">\n\t\t\t\t<div class=\"elementor-widget-container\">\n\t\t\t\t\t\t\t<div class=\"elementor-icon-box-wrapper\">\n\n\t\t\t\t\t\t<div class=\"elementor-icon-box-icon\">\n\t\t\t\t<a href=\"https:\/\/seguros.comleon.es\/\" class=\"elementor-icon\" tabindex=\"-1\" aria-label=\"Responsabilidad Civil Profesional\">\n\t\t\t\t<svg xmlns=\"http:\/\/www.w3.org\/2000\/svg\" id=\"Layer_1\" viewBox=\"0 0 512 512\"><path d=\"m173.46 146.9c2.34 2.34 2.34 6.14 0 8.49l-30.67 30.67c-1.17 1.17-2.71 1.76-4.24 1.76-1.54 0-3.07-.59-4.24-1.76l-13.78-13.78c-2.34-2.34-2.34-6.14 0-8.49 2.34-2.34 6.14-2.34 8.48 0l9.54 9.54 26.43-26.42c2.33-2.35 6.13-2.35 8.48-.01zm144.05 13.58h-99.61c-3.31 0-6 2.69-6 6s2.69 6 6 6h99.61c3.31 0 6-2.69 6-6s-2.69-6-6-6zm-152.54 62.06-26.43 26.43-9.54-9.54c-2.34-2.34-6.14-2.34-8.48 0s-2.34 6.14 0 8.49l13.78 13.78c1.17 1.17 2.71 1.76 4.24 1.76s3.07-.59 4.24-1.76l30.67-30.67c2.34-2.34 2.34-6.14 0-8.49s-6.14-2.35-8.48 0zm152.54 13.57h-99.61c-3.31 0-6 2.69-6 6s2.69 6 6 6h99.61c3.31 0 6-2.69 6-6s-2.69-6-6-6zm-152.54 62.06-26.43 26.42-9.54-9.54c-2.34-2.34-6.14-2.34-8.49 0-2.34 2.34-2.34 6.14 0 8.49l13.78 13.78c1.17 1.17 2.71 1.76 4.24 1.76s3.07-.59 4.24-1.76l30.67-30.67c2.34-2.34 2.34-6.14 0-8.48-2.33-2.35-6.13-2.35-8.47 0zm52.93 25.57h95.46c3.31 0 6-2.69 6-6s-2.69-6-6-6h-95.46c-3.31 0-6 2.69-6 6s2.68 6 6 6zm-52.93 50.06-26.43 26.42-9.54-9.54c-2.34-2.34-6.14-2.34-8.48 0s-2.34 6.14 0 8.48l13.78 13.78c1.17 1.17 2.71 1.76 4.24 1.76s3.07-.59 4.24-1.76l30.67-30.67c2.34-2.34 2.34-6.14 0-8.48-2.34-2.33-6.14-2.33-8.48.01zm152.54 13.58h-99.61c-3.31 0-6 2.69-6 6s2.69 6 6 6h99.61c3.31 0 6-2.69 6-6s-2.69-6-6-6zm160.89-104.07c.41 28.12-6.31 53.09-19.96 74.2-11.48 17.76-28.22 33.25-49.75 46.09v65.46c0 15.4-12.53 27.93-27.93 27.93h-319.25c-15.4 0-27.93-12.53-27.93-27.93v-378.27c0-15.4 12.53-27.93 27.93-27.93h39.71c1.93-7.8 8.96-13.6 17.34-13.6h61.58c3.48-19.62 20.5-34.26 41-34.26s37.51 14.64 40.99 34.26h61.58c8.38 0 15.42 5.8 17.34 13.6h39.71c15.4 0 27.93 12.53 27.93 27.93v148.77l66.72 38.65c1.82 1.06 2.96 3 2.99 5.1zm-97.64-208.45h-39.17v25.96h23.14c3.31 0 6 2.69 6 6v147.78l25.96-15.04v-148.77c0-8.79-7.15-15.93-15.93-15.93zm-53.78 208.45c.03-2.11 1.17-4.05 2.99-5.1l28.76-16.66v-148.74h-18.39c-2.62 6.64-9.08 11.35-16.63 11.35h-205.15c-7.55 0-14.01-4.72-16.63-11.35h-18.39v334.23h275.19v-74.13c-4.39-4.92-8.33-10.05-11.79-15.39-13.65-21.11-20.36-46.08-19.96-74.21zm-214.3-177.02c0 3.24 2.64 5.88 5.88 5.88h205.15c3.24 0 5.88-2.64 5.88-5.88v-39.15c0-3.24-2.64-5.88-5.88-5.88h-66.96c-3.22 0-5.87-2.55-6-5.77-.6-15.71-13.89-28.49-29.61-28.49s-29.01 12.78-29.62 28.49c-.12 3.22-2.77 5.77-6 5.77h-66.96c-3.24 0-5.88 2.64-5.88 5.88zm284.01 362.78v-65.46c-9.63-5.74-18.29-12.02-25.96-18.79v68.22c0 3.31-2.69 6-6 6h-287.19c-3.31 0-6-2.69-6-6v-346.23c0-3.31 2.69-6 6-6h23.14v-25.95h-39.17c-8.78 0-15.93 7.15-15.93 15.93v378.28c0 8.78 7.15 15.93 15.93 15.93h319.25c8.78 0 15.93-7.15 15.93-15.93zm69.73-182.2-63.72-36.92-63.72 36.92c.32 46.12 21.2 80.98 63.72 106.37 42.51-25.4 63.39-60.25 63.72-106.37zm-97.5 26.51c-2.34-2.34-6.14-2.34-8.49 0-2.34 2.34-2.34 6.14 0 8.49l24.72 24.72c1.13 1.13 2.65 1.76 4.24 1.76s3.12-.63 4.24-1.76l51.32-51.32c2.34-2.34 2.34-6.14 0-8.48s-6.14-2.34-8.48 0l-47.07 47.07z\"><\/path><\/svg>\t\t\t\t<\/a>\n\t\t\t<\/div>\n\t\t\t\n\t\t\t\t\t\t<div class=\"elementor-icon-box-content\">\n\n\t\t\t\t\t\t\t\t\t<h3 class=\"elementor-icon-box-title\">\n\t\t\t\t\t\t<a href=\"https:\/\/seguros.comleon.es\/\" >\n\t\t\t\t\t\t\tResponsabilidad Civil Profesional\t\t\t\t\t\t<\/a>\n\t\t\t\t\t<\/h3>\n\t\t\t\t\n\t\t\t\t\t\t\t\t\t<p class=\"elementor-icon-box-description\">\n\t\t\t\t\t\tTranquilidad para centrarte en <\/br>tus pacientes.\t\t\t\t\t<\/p>\n\t\t\t\t\n\t\t\t<\/div>\n\t\t\t\n\t\t<\/div>\n\t\t\t\t\t\t<\/div>\n\t\t\t\t<\/div>\n\t\t\t\t<div class=\"elementor-element elementor-element-936d735 elementor-align-center elementor-widget elementor-widget-button\" data-id=\"936d735\" data-element_type=\"widget\" data-widget_type=\"button.default\">\n\t\t\t\t<div class=\"elementor-widget-container\">\n\t\t\t\t\t\t\t\t\t<div class=\"elementor-button-wrapper\">\n\t\t\t\t\t<a class=\"elementor-button elementor-button-link elementor-size-sm\" href=\"https:\/\/seguros.comleon.es\/\">\n\t\t\t\t\t\t<span class=\"elementor-button-content-wrapper\">\n\t\t\t\t\t\t\t\t\t<span class=\"elementor-button-text\">M\u00e1s informaci\u00f3n<\/span>\n\t\t\t\t\t<\/span>\n\t\t\t\t\t<\/a>\n\t\t\t\t<\/div>\n\t\t\t\t\t\t\t\t<\/div>\n\t\t\t\t<\/div>\n\t\t\t\t<\/div>\n\t\t<div data-particle_enable=\"false\" data-particle-mobile-disabled=\"false\" class=\"elementor-element elementor-element-90cfa20 e-con-full e-flex e-con e-child\" data-id=\"90cfa20\" data-element_type=\"container\">\n\t\t\t\t<div class=\"elementor-element elementor-element-7e445d5 elementor-view-default elementor-position-top elementor-mobile-position-top elementor-widget elementor-widget-icon-box\" data-id=\"7e445d5\" data-element_type=\"widget\" data-widget_type=\"icon-box.default\">\n\t\t\t\t<div class=\"elementor-widget-container\">\n\t\t\t\t\t\t\t<div class=\"elementor-icon-box-wrapper\">\n\n\t\t\t\t\t\t<div class=\"elementor-icon-box-icon\">\n\t\t\t\t<span  class=\"elementor-icon\">\n\t\t\t\t<svg xmlns=\"http:\/\/www.w3.org\/2000\/svg\" id=\"Layer_1\" viewBox=\"0 0 512 512\"><path d=\"m496.69 96.9c0-1.56-.6-3.1-1.74-4.24l-75.9-75.9c-1.15-1.15-2.68-1.74-4.24-1.74v-.02h-239.57c-13.64 0-24.74 11.1-24.74 24.74v210.55c-5.76-1.86-11.89-2.88-18.26-2.88-32.82 0-59.53 26.71-59.53 59.53v40.84h-8.22c-12.38 0-22.46 10.08-22.46 22.46v104.3c0 12.38 10.08 22.46 22.46 22.46h135.51c12.38 0 22.46-10.08 22.46-22.46v-13.88h249.51c13.64 0 24.74-11.1 24.74-24.74v-339.02zm-75.88-61.42 55.41 55.41h-42.92c-6.89 0-12.49-5.6-12.49-12.49zm-336.09 271.46c0-26.21 21.32-47.53 47.53-47.53s47.53 21.32 47.53 47.53v40.84h-11.05v-40.84c0-20.12-16.36-36.48-36.48-36.48s-36.48 16.36-36.48 36.48v40.84h-11.05zm72.01 40.83h-48.96v-40.84c0-13.5 10.98-24.48 24.48-24.48s24.48 10.98 24.48 24.48zm53.73 126.77c0 5.77-4.69 10.46-10.46 10.46h-135.51c-5.77 0-10.46-4.69-10.46-10.46v-104.3c0-5.77 4.69-10.46 10.46-10.46h135.51c5.77 0 10.46 4.69 10.46 10.46zm261.51-25.88h-249.51v-78.42c0-12.38-10.08-22.46-22.46-22.46h-8.22v-40.84c0-21.78-11.77-40.86-29.27-51.24v-215.96c0-7.02 5.71-12.74 12.74-12.74h233.56v51.4c0 13.5 10.99 24.49 24.49 24.49h51.41v333.02c0 7.03-5.72 12.75-12.74 12.75zm-150.86-197.54c.79.36 1.64.54 2.49.54s1.7-.18 2.49-.54c30.57-13.96 53.39-31.05 65.42-69.11 2.51-7.95 3.63-15.18 3.63-23.45v-56.52c0-3.07-2.32-5.64-5.37-5.97-31.81-3.37-52.08-9.76-61.95-19.53-2.34-2.31-6.1-2.31-8.44 0-9.88 9.77-30.14 16.16-61.95 19.53-3.05.32-5.37 2.9-5.37 5.97v56.52c0 8.27 1.12 15.5 3.63 23.45 12.04 38.06 34.86 55.16 65.42 69.11zm-57.04-143.71c28.38-3.44 47.59-9.44 59.54-18.64 11.95 9.2 31.16 15.2 59.54 18.64v51.16c0 7.08-.92 13.01-3.07 19.83-9.16 28.97-24.58 45.62-56.47 60.65-31.89-15.03-47.31-31.68-56.47-60.65-2.15-6.82-3.07-12.75-3.07-19.83zm19.01 52.49c-2.34-2.34-2.34-6.14 0-8.49 2.34-2.34 6.14-2.34 8.49 0l19.95 19.95 44.14-44.14c2.34-2.34 6.14-2.34 8.49 0 2.34 2.34 2.34 6.14 0 8.48l-48.38 48.38c-1.12 1.13-2.65 1.76-4.24 1.76s-3.12-.63-4.24-1.76zm141.6 128.12c0 3.31-2.69 6-6 6h-190.14c-3.31 0-6-2.69-6-6s2.69-6 6-6h190.14c3.31 0 6 2.68 6 6zm0 49.32c0 3.31-2.69 6-6 6h-190.14c-3.31 0-6-2.69-6-6s2.69-6 6-6h190.14c3.31 0 6 2.68 6 6zm-31.53 49.32c0 3.31-2.69 6-6 6h-127.1c-3.31 0-6-2.69-6-6s2.69-6 6-6h127.1c3.32 0 6 2.69 6 6zm-260.9-10.81c-15.14 0-27.45 12.32-27.45 27.45 0 8.77 4.19 16.94 11.13 22.08v37.54c0 3.31 2.69 6 6 6h20.65c3.31 0 6-2.69 6-6v-37.54c6.94-5.14 11.13-13.3 11.13-22.08-.01-15.13-12.33-27.45-27.46-27.45zm7.43 41.01c-1.92 1.05-3.11 3.07-3.11 5.26v34.8h-8.65v-34.8c0-2.19-1.19-4.2-3.11-5.26-4.95-2.72-8.02-7.91-8.02-13.55 0-8.52 6.93-15.45 15.45-15.45s15.45 6.93 15.45 15.45c.01 5.64-3.06 10.83-8.01 13.55z\"><\/path><\/svg>\t\t\t\t<\/span>\n\t\t\t<\/div>\n\t\t\t\n\t\t\t\t\t\t<div class=\"elementor-icon-box-content\">\n\n\t\t\t\t\t\t\t\t\t<h3 class=\"elementor-icon-box-title\">\n\t\t\t\t\t\t<span  >\n\t\t\t\t\t\t\tIncapacidad Profesional y Vida\t\t\t\t\t\t<\/span>\n\t\t\t\t\t<\/h3>\n\t\t\t\t\n\t\t\t\t\t\t\t\t\t<p class=\"elementor-icon-box-description\">\n\t\t\t\t\t\tCubre tus gastos mensuales en caso de infortunio.\t\t\t\t\t<\/p>\n\t\t\t\t\n\t\t\t<\/div>\n\t\t\t\n\t\t<\/div>\n\t\t\t\t\t\t<\/div>\n\t\t\t\t<\/div>\n\t\t\t\t<div class=\"elementor-element elementor-element-6d8fbb7 elementor-align-center elementor-widget elementor-widget-button\" data-id=\"6d8fbb7\" data-element_type=\"widget\" data-widget_type=\"button.default\">\n\t\t\t\t<div class=\"elementor-widget-container\">\n\t\t\t\t\t\t\t\t\t<div class=\"elementor-button-wrapper\">\n\t\t\t\t\t<a class=\"elementor-button elementor-button-link elementor-size-sm\" href=\"https:\/\/seguros.comleon.es\/\">\n\t\t\t\t\t\t<span class=\"elementor-button-content-wrapper\">\n\t\t\t\t\t\t\t\t\t<span class=\"elementor-button-text\">M\u00e1s informaci\u00f3n<\/span>\n\t\t\t\t\t<\/span>\n\t\t\t\t\t<\/a>\n\t\t\t\t<\/div>\n\t\t\t\t\t\t\t\t<\/div>\n\t\t\t\t<\/div>\n\t\t\t\t<\/div>\n\t\t<div data-particle_enable=\"false\" data-particle-mobile-disabled=\"false\" class=\"elementor-element elementor-element-0eb61a6 e-con-full e-flex e-con e-child\" data-id=\"0eb61a6\" data-element_type=\"container\">\n\t\t\t\t<div class=\"elementor-element elementor-element-b8a09a9 elementor-view-default elementor-position-top elementor-mobile-position-top elementor-widget elementor-widget-icon-box\" data-id=\"b8a09a9\" data-element_type=\"widget\" data-widget_type=\"icon-box.default\">\n\t\t\t\t<div class=\"elementor-widget-container\">\n\t\t\t\t\t\t\t<div class=\"elementor-icon-box-wrapper\">\n\n\t\t\t\t\t\t<div class=\"elementor-icon-box-icon\">\n\t\t\t\t<span  class=\"elementor-icon\">\n\t\t\t\t<svg xmlns=\"http:\/\/www.w3.org\/2000\/svg\" id=\"Layer_1\" viewBox=\"0 0 512 512\"><path d=\"m457.76 225.69c-4.54-50.13-27.55-96.57-64.77-130.75-35.98-33.03-82.29-51.8-130.99-53.23v-20.71c0-3.31-2.69-6-6-6s-6 2.69-6 6v20.71c-48.7 1.43-95.01 20.2-130.99 53.24-37.22 34.18-60.23 80.62-64.77 130.75-.24 2.69 1.34 5.22 3.88 6.16 2.53.95 5.39.08 6.97-2.12 11.6-16.13 30.38-25.77 50.22-25.77 24.3 0 46.44 14.33 56.41 36.5.97 2.16 3.12 3.54 5.47 3.54h.19c2.43-.08 4.57-1.61 5.43-3.88 10.7-28.4 37.24-48.06 67.2-50.4v66.45c-4.33 1.45-7.98 4.47-10.29 8.68l-112.02 204.66c-3.23 5.9-3.11 12.59.31 18.38 3.43 5.78 9.25 9.1 15.97 9.1h224.04c6.72 0 12.54-3.32 15.97-9.1s3.54-12.48.31-18.38l-112.01-204.66c-2.3-4.21-5.96-7.23-10.29-8.68v-66.45c29.96 2.33 56.5 22 67.2 50.39.86 2.27 3 3.81 5.43 3.88 2.43.09 4.66-1.32 5.66-3.54 9.96-22.17 32.11-36.5 56.41-36.5 19.84 0 38.62 9.63 50.22 25.77 1.58 2.2 4.43 3.06 6.97 2.12 2.53-.94 4.12-3.46 3.87-6.16zm-342.46-33.72c-17.12 0-33.56 6-46.6 16.59 14.72-78.9 76.7-139.08 154.91-152.25-10.48 10.04-20.01 25.05-28.06 44.53-13.14 31.82-21.4 72.99-23.71 117.51-13.81-16.44-34.42-26.38-56.54-26.38zm258.48 283.31c1.17 2.15 1.14 4.39-.11 6.5s-3.2 3.22-5.65 3.22h-224.04c-2.45 0-4.4-1.11-5.65-3.22s-1.29-4.35-.11-6.5l112.02-204.66c1.21-2.2 3.25-3.41 5.76-3.41s4.55 1.21 5.76 3.41zm-117.78-297.79c-28.51 0-55.02 13.69-71.83 35.71 2.62-40.94 10.41-78.55 22.48-107.78 13.6-32.93 31.58-51.81 49.35-51.81s35.75 18.89 49.35 51.81c12.07 29.23 19.86 66.83 22.48 107.77-16.81-22.01-43.32-35.7-71.83-35.7zm140.69 14.48c-22.11 0-42.72 9.94-56.55 26.39-2.31-44.53-10.57-85.69-23.71-117.51-8.05-19.48-17.57-34.49-28.06-44.53 78.21 13.17 140.19 73.35 154.91 152.25-13.02-10.6-29.47-16.6-46.59-16.6zm-157.5 135.61c-3.79 4.17-5.59 9.43-5.07 14.8l7.59 78.56c.3 3.08 2.88 5.42 5.97 5.42h15.78c3.09 0 5.67-2.35 5.97-5.42l7.58-78.56c.52-5.37-1.28-10.63-5.07-14.8-4.12-4.54-10.24-7.25-16.37-7.25-6.14.01-12.26 2.72-16.38 7.25zm25.88 13.65-7.07 73.14h-4.88l-7.06-73.13c-.24-2.52.96-4.43 2.01-5.58 1.88-2.08 4.68-3.31 7.49-3.31s5.61 1.24 7.49 3.31c1.06 1.15 2.26 3.06 2.02 5.57zm-9.5 96.33c-8.97 0-16.27 7.3-16.27 16.27s7.3 16.27 16.27 16.27 16.27-7.3 16.27-16.27-7.3-16.27-16.27-16.27zm0 20.54c-2.35 0-4.27-1.92-4.27-4.27s1.92-4.27 4.27-4.27 4.27 1.92 4.27 4.27-1.92 4.27-4.27 4.27z\"><\/path><\/svg>\t\t\t\t<\/span>\n\t\t\t<\/div>\n\t\t\t\n\t\t\t\t\t\t<div class=\"elementor-icon-box-content\">\n\n\t\t\t\t\t\t\t\t\t<h3 class=\"elementor-icon-box-title\">\n\t\t\t\t\t\t<span  >\n\t\t\t\t\t\t\tAccidentes\t\t\t\t\t\t\t<\/span>\n\t\t\t\t\t<\/h3>\n\t\t\t\t\n\t\t\t\t\t\t\t\t\t<p class=\"elementor-icon-box-description\">\n\t\t\t\t\t\tProtege tus herramientas m\u00e1s valiosas: tus manos, tus ojos.\t\t\t\t\t\t<\/p>\n\t\t\t\t\n\t\t\t<\/div>\n\t\t\t\n\t\t<\/div>\n\t\t\t\t\t\t<\/div>\n\t\t\t\t<\/div>\n\t\t\t\t<div class=\"elementor-element elementor-element-4f55273 elementor-align-center elementor-widget elementor-widget-button\" data-id=\"4f55273\" data-element_type=\"widget\" data-widget_type=\"button.default\">\n\t\t\t\t<div class=\"elementor-widget-container\">\n\t\t\t\t\t\t\t\t\t<div class=\"elementor-button-wrapper\">\n\t\t\t\t\t<a class=\"elementor-button elementor-button-link elementor-size-sm\" href=\"https:\/\/seguros.comleon.es\/\">\n\t\t\t\t\t\t<span class=\"elementor-button-content-wrapper\">\n\t\t\t\t\t\t\t\t\t<span class=\"elementor-button-text\">M\u00e1s informaci\u00f3n<\/span>\n\t\t\t\t\t<\/span>\n\t\t\t\t\t<\/a>\n\t\t\t\t<\/div>\n\t\t\t\t\t\t\t\t<\/div>\n\t\t\t\t<\/div>\n\t\t\t\t<\/div>\n\t\t<div data-particle_enable=\"false\" data-particle-mobile-disabled=\"false\" class=\"elementor-element elementor-element-27e1a93 e-con-full e-flex e-con e-child\" data-id=\"27e1a93\" data-element_type=\"container\">\n\t\t\t\t<div class=\"elementor-element elementor-element-347657c elementor-view-default elementor-position-top elementor-mobile-position-top elementor-widget elementor-widget-icon-box\" data-id=\"347657c\" data-element_type=\"widget\" data-widget_type=\"icon-box.default\">\n\t\t\t\t<div class=\"elementor-widget-container\">\n\t\t\t\t\t\t\t<div class=\"elementor-icon-box-wrapper\">\n\n\t\t\t\t\t\t<div class=\"elementor-icon-box-icon\">\n\t\t\t\t<span  class=\"elementor-icon\">\n\t\t\t\t<svg xmlns=\"http:\/\/www.w3.org\/2000\/svg\" id=\"Layer_1\" viewBox=\"0 0 512 512\"><path d=\"m493.99 310.06-86.15-49.91v-110.1c0-24-19.52-43.52-43.52-43.52h-76.82v-29.39c0-19.7-16.03-35.73-35.73-35.73h-80.7c-19.7 0-35.73 16.03-35.73 35.73v29.39h-76.82c-24 0-43.52 19.52-43.52 43.52v179.8c0 24 19.52 43.52 43.52 43.52h256.51c4.13 12.71 9.76 24.66 16.93 35.75 15.21 23.53 37.72 43.94 66.9 60.67.92.53 1.95.79 2.98.79s2.06-.26 2.98-.79c29.17-16.73 51.68-37.14 66.9-60.67 17.28-26.72 25.77-58.33 25.26-93.95-.03-2.11-1.17-4.05-2.99-5.11zm-346.65-232.92c0-13.08 10.65-23.73 23.73-23.73h80.7c13.08 0 23.73 10.65 23.73 23.73v29.39h-128.16zm-88.82 41.4h305.8c15.76 0 28.85 11.62 31.16 26.74-4.28 49.77-46.59 88.67-96.62 88.67h-49.58v-30.45c0-3.31-2.69-6-6-6h-63.71c-3.31 0-6 2.69-6 6v30.46h-49.58c-50.03 0-92.35-38.9-96.62-88.67 2.3-15.13 15.39-26.75 31.15-26.75zm178.75 90.96v60.92h-51.71v-60.92zm-178.75 151.88c-17.38 0-31.52-14.14-31.52-31.52v-143.39c18.22 35.35 55.21 59.49 96.98 59.49h49.58v30.46c0 3.31 2.69 6 6 6h63.71c3.31 0 6-2.69 6-6v-30.46h49.58c41.77 0 78.76-24.14 96.98-59.49v73.68l-86.15 49.91c-1.83 1.06-2.96 3-2.99 5.1-.24 16.27 1.43 31.7 4.93 46.21h-253.1zm343.32 96.26c-55.8-33.01-83.03-78.51-83.16-138.92l83.16-48.18 83.16 48.19c-.13 60.41-27.36 105.9-83.16 138.91zm-17.97-67.78 64.25-64.25c2.34-2.34 6.14-2.34 8.48 0s2.34 6.14 0 8.48l-68.49 68.49c-1.17 1.17-2.71 1.76-4.24 1.76s-3.07-.59-4.24-1.76l-32.55-32.55c-2.34-2.34-2.34-6.14 0-8.48s6.14-2.34 8.48 0z\"><\/path><\/svg>\t\t\t\t<\/span>\n\t\t\t<\/div>\n\t\t\t\n\t\t\t\t\t\t<div class=\"elementor-icon-box-content\">\n\n\t\t\t\t\t\t\t\t\t<h3 class=\"elementor-icon-box-title\">\n\t\t\t\t\t\t<span  >\n\t\t\t\t\t\t\tMultirriesgo para Cl\u00ednicas\t\t\t\t\t\t<\/span>\n\t\t\t\t\t<\/h3>\n\t\t\t\t\n\t\t\t\t\t\t\t\t\t<p class=\"elementor-icon-box-description\">\n\t\t\t\t\t\tAsegura tu consulta o cl\u00ednica frente a cualquier imprevisto.\t\t\t\t\t<\/p>\n\t\t\t\t\n\t\t\t<\/div>\n\t\t\t\n\t\t<\/div>\n\t\t\t\t\t\t<\/div>\n\t\t\t\t<\/div>\n\t\t\t\t<div class=\"elementor-element elementor-element-c4807af elementor-align-center elementor-widget elementor-widget-button\" data-id=\"c4807af\" data-element_type=\"widget\" data-widget_type=\"button.default\">\n\t\t\t\t<div class=\"elementor-widget-container\">\n\t\t\t\t\t\t\t\t\t<div class=\"elementor-button-wrapper\">\n\t\t\t\t\t<a class=\"elementor-button elementor-button-link elementor-size-sm\" href=\"https:\/\/seguros.comleon.es\/\">\n\t\t\t\t\t\t<span class=\"elementor-button-content-wrapper\">\n\t\t\t\t\t\t\t\t\t<span class=\"elementor-button-text\">M\u00e1s informaci\u00f3n<\/span>\n\t\t\t\t\t<\/span>\n\t\t\t\t\t<\/a>\n\t\t\t\t<\/div>\n\t\t\t\t\t\t\t\t<\/div>\n\t\t\t\t<\/div>\n\t\t\t\t<\/div>\n\t\t\t\t\t<\/div>\n\t\t\t\t<\/div>\n\t\t\t\t<\/div>\n\t\t","protected":false},"excerpt":{"rendered":"<p>Inicio \/ P\u00e1gina Seguros para Colegiados Uniteco y el Colegio Oficial de M\u00e9dicos de Le\u00f3n se unen para ofrecerte protecci\u00f3n personalizada, beneficios exclusivos y una gama completa de seguros dise\u00f1ados especialmente para profesionales de la medicina. Responsabilidad Civil Profesional Tranquilidad para centrarte en tus pacientes. M\u00e1s informaci\u00f3n Incapacidad Profesional y Vida Cubre tus gastos mensuales [&hellip;]<\/p>\n","protected":false},"author":1,"featured_media":0,"parent":219,"menu_order":0,"comment_status":"closed","ping_status":"closed","template":"","meta":{"footnotes":""},"class_list":["post-406","page","type-page","status-publish","hentry"],"_links":{"self":[{"href":"https:\/\/cursopracticoseo.com\/colmed\/wp-json\/wp\/v2\/pages\/406","targetHints":{"allow":["GET"]}}],"collection":[{"href":"https:\/\/cursopracticoseo.com\/colmed\/wp-json\/wp\/v2\/pages"}],"about":[{"href":"https:\/\/cursopracticoseo.com\/colmed\/wp-json\/wp\/v2\/types\/page"}],"author":[{"embeddable":true,"href":"https:\/\/cursopracticoseo.com\/colmed\/wp-json\/wp\/v2\/users\/1"}],"replies":[{"embeddable":true,"href":"https:\/\/cursopracticoseo.com\/colmed\/wp-json\/wp\/v2\/comments?post=406"}],"version-history":[{"count":40,"href":"https:\/\/cursopracticoseo.com\/colmed\/wp-json\/wp\/v2\/pages\/406\/revisions"}],"predecessor-version":[{"id":1364,"href":"https:\/\/cursopracticoseo.com\/colmed\/wp-json\/wp\/v2\/pages\/406\/revisions\/1364"}],"up":[{"embeddable":true,"href":"https:\/\/cursopracticoseo.com\/colmed\/wp-json\/wp\/v2\/pages\/219"}],"wp:attachment":[{"href":"https:\/\/cursopracticoseo.com\/colmed\/wp-json\/wp\/v2\/media?parent=406"}],"curies":[{"name":"wp","href":"https:\/\/api.w.org\/{rel}","templated":true}]}}