{"id":462,"date":"2025-08-12T10:30:07","date_gmt":"2025-08-12T10:30:07","guid":{"rendered":"https:\/\/cursopracticoseo.com\/colmed\/?page_id=462"},"modified":"2025-09-02T11:57:35","modified_gmt":"2025-09-02T11:57:35","slug":"formacion","status":"publish","type":"page","link":"https:\/\/cursopracticoseo.com\/colmed\/formacion\/","title":{"rendered":"Espacios"},"content":{"rendered":"\t\t<div data-elementor-type=\"wp-page\" data-elementor-id=\"462\" class=\"elementor elementor-462\" data-elementor-post-type=\"page\">\n\t\t\t\t<div data-particle_enable=\"false\" data-particle-mobile-disabled=\"false\" class=\"elementor-element elementor-element-603c016 e-con-full e-flex e-con e-parent\" data-id=\"603c016\" data-element_type=\"container\">\n\t\t<div data-particle_enable=\"false\" data-particle-mobile-disabled=\"false\" class=\"elementor-element elementor-element-c32ca51 e-con-full e-flex elementor-invisible e-con e-child\" data-id=\"c32ca51\" data-element_type=\"container\" data-settings=\"{&quot;animation&quot;:&quot;fadeInLeft&quot;}\">\n\t\t\t\t<div class=\"elementor-element elementor-element-ef2a9d3 elementor--h-position-center elementor--v-position-middle elementor-arrows-position-inside elementor-pagination-position-inside elementor-widget elementor-widget-slides\" data-id=\"ef2a9d3\" data-element_type=\"widget\" data-settings=\"{&quot;navigation&quot;:&quot;both&quot;,&quot;autoplay&quot;:&quot;yes&quot;,&quot;pause_on_hover&quot;:&quot;yes&quot;,&quot;pause_on_interaction&quot;:&quot;yes&quot;,&quot;autoplay_speed&quot;:5000,&quot;infinite&quot;:&quot;yes&quot;,&quot;transition&quot;:&quot;slide&quot;,&quot;transition_speed&quot;:500}\" data-widget_type=\"slides.default\">\n\t\t\t\t<div class=\"elementor-widget-container\">\n\t\t\t\t\t\t\t\t\t<div class=\"elementor-swiper\">\n\t\t\t\t\t<div class=\"elementor-slides-wrapper elementor-main-swiper swiper\" role=\"region\" aria-roledescription=\"carousel\" aria-label=\"Diapositivas\" dir=\"ltr\" data-animation=\"fadeInUp\">\n\t\t\t\t<div class=\"swiper-wrapper elementor-slides\">\n\t\t\t\t\t\t\t\t\t\t<div class=\"elementor-repeater-item-efa2f96 swiper-slide\" role=\"group\" aria-roledescription=\"slide\"><div class=\"swiper-slide-bg elementor-ken-burns elementor-ken-burns--in\" role=\"img\"><\/div><div class=\"elementor-background-overlay\"><\/div><div class=\"swiper-slide-inner\" ><div class=\"swiper-slide-contents\"><div class=\"elementor-slide-heading\">Un espacio para ti<\/div><div class=\"elementor-slide-description\">\u00bfNecesitas un espacio para tu evento?<\/div><div  class=\"elementor-button elementor-slide-button elementor-size-sm\">Contactanos<\/div><\/div><\/div><\/div>\t\t\t\t<\/div>\n\t\t\t\t\t\t\t<\/div>\n\t\t\t\t<\/div>\n\t\t\t\t\t\t\t\t<\/div>\n\t\t\t\t<\/div>\n\t\t\t\t<\/div>\n\t\t\t\t<\/div>\n\t\t<div data-particle_enable=\"false\" data-particle-mobile-disabled=\"false\" class=\"elementor-element elementor-element-0e48e92 e-flex e-con-boxed e-con e-parent\" data-id=\"0e48e92\" data-element_type=\"container\">\n\t\t\t\t\t<div class=\"e-con-inner\">\n\t\t<div data-particle_enable=\"false\" data-particle-mobile-disabled=\"false\" class=\"elementor-element elementor-element-0a4fa13 e-con-full e-flex elementor-invisible e-con e-child\" data-id=\"0a4fa13\" data-element_type=\"container\" data-settings=\"{&quot;animation&quot;:&quot;fadeInLeft&quot;}\">\n\t\t\t\t<div class=\"elementor-element elementor-element-7e51618 elementor-widget elementor-widget-heading\" data-id=\"7e51618\" data-element_type=\"widget\" data-widget_type=\"heading.default\">\n\t\t\t\t<div class=\"elementor-widget-container\">\n\t\t\t\t\t<h2 class=\"elementor-heading-title elementor-size-default\">SALA DE FORMACI\u00d3N<\/h2>\t\t\t\t<\/div>\n\t\t\t\t<\/div>\n\t\t\t\t<div class=\"elementor-element elementor-element-d6f5e0e elementor-widget elementor-widget-text-editor\" data-id=\"d6f5e0e\" data-element_type=\"widget\" data-widget_type=\"text-editor.default\">\n\t\t\t\t<div class=\"elementor-widget-container\">\n\t\t\t\t\t\t\t\t\t<p data-start=\"217\" data-end=\"514\">El Ilustre Colegio Oficial de M\u00e9dicos de Le\u00f3n es una corporaci\u00f3n de derecho p\u00fablico que representa, defiende y ordena el ejercicio de la profesi\u00f3n m\u00e9dica en la provincia de Le\u00f3n. Nuestra labor se basa en garantizar una pr\u00e1ctica m\u00e9dica \u00e9tica, responsable y orientada al bienestar de los ciudadanos.<\/p><p data-start=\"516\" data-end=\"710\">Trabajamos por y para el m\u00e9dico, promoviendo la formaci\u00f3n continua, la calidad asistencial y el compromiso social, en coordinaci\u00f3n con las instituciones sanitarias, acad\u00e9micas y administrativas.<\/p>\t\t\t\t\t\t\t\t<\/div>\n\t\t\t\t<\/div>\n\t\t\t\t<\/div>\n\t\t<div data-particle_enable=\"false\" data-particle-mobile-disabled=\"false\" class=\"elementor-element elementor-element-6eafe2c e-con-full e-flex elementor-invisible e-con e-child\" data-id=\"6eafe2c\" data-element_type=\"container\" data-settings=\"{&quot;animation&quot;:&quot;fadeInLeft&quot;}\">\n\t\t\t\t<div class=\"elementor-element elementor-element-f047926 elementor-widget elementor-widget-image\" data-id=\"f047926\" data-element_type=\"widget\" data-widget_type=\"image.default\">\n\t\t\t\t<div class=\"elementor-widget-container\">\n\t\t\t\t\t\t\t\t\t\t\t\t\t\t\t<img fetchpriority=\"high\" decoding=\"async\" width=\"800\" height=\"537\" src=\"https:\/\/cursopracticoseo.com\/colmed\/wp-content\/uploads\/2025\/07\/355A9280-1024x687.jpg\" class=\"attachment-large size-large wp-image-202\" alt=\"\" srcset=\"https:\/\/cursopracticoseo.com\/colmed\/wp-content\/uploads\/2025\/07\/355A9280-1024x687.jpg 1024w, https:\/\/cursopracticoseo.com\/colmed\/wp-content\/uploads\/2025\/07\/355A9280-300x201.jpg 300w, https:\/\/cursopracticoseo.com\/colmed\/wp-content\/uploads\/2025\/07\/355A9280-768x515.jpg 768w, https:\/\/cursopracticoseo.com\/colmed\/wp-content\/uploads\/2025\/07\/355A9280.jpg 1500w\" sizes=\"(max-width: 800px) 100vw, 800px\" \/>\t\t\t\t\t\t\t\t\t\t\t\t\t\t\t<\/div>\n\t\t\t\t<\/div>\n\t\t\t\t<\/div>\n\t\t\t\t\t<\/div>\n\t\t\t\t<\/div>\n\t\t<div data-particle_enable=\"false\" data-particle-mobile-disabled=\"false\" class=\"elementor-element elementor-element-d4bfc74 e-flex e-con-boxed e-con e-parent\" data-id=\"d4bfc74\" data-element_type=\"container\" data-settings=\"{&quot;background_background&quot;:&quot;classic&quot;}\">\n\t\t\t\t\t<div class=\"e-con-inner\">\n\t\t<div data-particle_enable=\"false\" data-particle-mobile-disabled=\"false\" class=\"elementor-element elementor-element-c3e1427 e-con-full e-flex elementor-invisible e-con e-child\" data-id=\"c3e1427\" data-element_type=\"container\" data-settings=\"{&quot;animation&quot;:&quot;fadeInLeft&quot;}\">\n\t\t\t\t<div class=\"elementor-element elementor-element-9c52428 elementor-widget elementor-widget-image\" data-id=\"9c52428\" data-element_type=\"widget\" data-widget_type=\"image.default\">\n\t\t\t\t<div class=\"elementor-widget-container\">\n\t\t\t\t\t\t\t\t\t\t\t\t\t\t\t<img decoding=\"async\" width=\"800\" height=\"534\" src=\"https:\/\/cursopracticoseo.com\/colmed\/wp-content\/uploads\/2025\/07\/355A9216-1-1024x683.jpg\" class=\"attachment-large size-large wp-image-204\" alt=\"\" srcset=\"https:\/\/cursopracticoseo.com\/colmed\/wp-content\/uploads\/2025\/07\/355A9216-1-1024x683.jpg 1024w, https:\/\/cursopracticoseo.com\/colmed\/wp-content\/uploads\/2025\/07\/355A9216-1-300x200.jpg 300w, https:\/\/cursopracticoseo.com\/colmed\/wp-content\/uploads\/2025\/07\/355A9216-1-768x512.jpg 768w, https:\/\/cursopracticoseo.com\/colmed\/wp-content\/uploads\/2025\/07\/355A9216-1.jpg 1500w\" sizes=\"(max-width: 800px) 100vw, 800px\" \/>\t\t\t\t\t\t\t\t\t\t\t\t\t\t\t<\/div>\n\t\t\t\t<\/div>\n\t\t\t\t<\/div>\n\t\t<div data-particle_enable=\"false\" data-particle-mobile-disabled=\"false\" class=\"elementor-element elementor-element-349536f e-con-full e-flex elementor-invisible e-con e-child\" data-id=\"349536f\" data-element_type=\"container\" data-settings=\"{&quot;animation&quot;:&quot;fadeInLeft&quot;}\">\n\t\t\t\t<div class=\"elementor-element elementor-element-e7c9460 elementor-widget elementor-widget-heading\" data-id=\"e7c9460\" data-element_type=\"widget\" data-widget_type=\"heading.default\">\n\t\t\t\t<div class=\"elementor-widget-container\">\n\t\t\t\t\t<h2 class=\"elementor-heading-title elementor-size-default\">AUDITORIO<\/h2>\t\t\t\t<\/div>\n\t\t\t\t<\/div>\n\t\t\t\t<div class=\"elementor-element elementor-element-1e7da39 elementor-widget elementor-widget-text-editor\" data-id=\"1e7da39\" data-element_type=\"widget\" data-widget_type=\"text-editor.default\">\n\t\t\t\t<div class=\"elementor-widget-container\">\n\t\t\t\t\t\t\t\t\t<p data-start=\"217\" data-end=\"514\">El Ilustre Colegio Oficial de M\u00e9dicos de Le\u00f3n es una corporaci\u00f3n de derecho p\u00fablico que representa, defiende y ordena el ejercicio de la profesi\u00f3n m\u00e9dica en la provincia de Le\u00f3n. Nuestra labor se basa en garantizar una pr\u00e1ctica m\u00e9dica \u00e9tica, responsable y orientada al bienestar de los ciudadanos.<\/p><p data-start=\"516\" data-end=\"710\">Trabajamos por y para el m\u00e9dico, promoviendo la formaci\u00f3n continua, la calidad asistencial y el compromiso social, en coordinaci\u00f3n con las instituciones sanitarias, acad\u00e9micas y administrativas.<\/p>\t\t\t\t\t\t\t\t<\/div>\n\t\t\t\t<\/div>\n\t\t\t\t<\/div>\n\t\t\t\t\t<\/div>\n\t\t\t\t<\/div>\n\t\t\t\t<\/div>\n\t\t","protected":false},"excerpt":{"rendered":"<p>Un espacio para ti\u00bfNecesitas un espacio para tu evento?Contactanos SALA DE FORMACI\u00d3N El Ilustre Colegio Oficial de M\u00e9dicos de Le\u00f3n es una corporaci\u00f3n de derecho p\u00fablico que representa, defiende y ordena el ejercicio de la profesi\u00f3n m\u00e9dica en la provincia de Le\u00f3n. Nuestra labor se basa en garantizar una pr\u00e1ctica m\u00e9dica \u00e9tica, responsable y orientada [&hellip;]<\/p>\n","protected":false},"author":1,"featured_media":0,"parent":0,"menu_order":0,"comment_status":"closed","ping_status":"closed","template":"","meta":{"footnotes":""},"class_list":["post-462","page","type-page","status-publish","hentry"],"_links":{"self":[{"href":"https:\/\/cursopracticoseo.com\/colmed\/wp-json\/wp\/v2\/pages\/462","targetHints":{"allow":["GET"]}}],"collection":[{"href":"https:\/\/cursopracticoseo.com\/colmed\/wp-json\/wp\/v2\/pages"}],"about":[{"href":"https:\/\/cursopracticoseo.com\/colmed\/wp-json\/wp\/v2\/types\/page"}],"author":[{"embeddable":true,"href":"https:\/\/cursopracticoseo.com\/colmed\/wp-json\/wp\/v2\/users\/1"}],"replies":[{"embeddable":true,"href":"https:\/\/cursopracticoseo.com\/colmed\/wp-json\/wp\/v2\/comments?post=462"}],"version-history":[{"count":23,"href":"https:\/\/cursopracticoseo.com\/colmed\/wp-json\/wp\/v2\/pages\/462\/revisions"}],"predecessor-version":[{"id":1399,"href":"https:\/\/cursopracticoseo.com\/colmed\/wp-json\/wp\/v2\/pages\/462\/revisions\/1399"}],"wp:attachment":[{"href":"https:\/\/cursopracticoseo.com\/colmed\/wp-json\/wp\/v2\/media?parent=462"}],"curies":[{"name":"wp","href":"https:\/\/api.w.org\/{rel}","templated":true}]}}