{"id":51,"date":"2025-06-20T08:41:45","date_gmt":"2025-06-20T08:41:45","guid":{"rendered":"https:\/\/cursopracticoseo.com\/colmed\/?page_id=51"},"modified":"2025-09-02T10:05:54","modified_gmt":"2025-09-02T10:05:54","slug":"el-colegio","status":"publish","type":"page","link":"https:\/\/cursopracticoseo.com\/colmed\/el-colegio\/","title":{"rendered":"El colegio"},"content":{"rendered":"\t\t<div data-elementor-type=\"wp-page\" data-elementor-id=\"51\" class=\"elementor elementor-51\" data-elementor-post-type=\"page\">\n\t\t\t\t<div data-particle_enable=\"false\" data-particle-mobile-disabled=\"false\" class=\"elementor-element elementor-element-6c7f57b e-flex e-con-boxed e-con e-parent\" data-id=\"6c7f57b\" data-element_type=\"container\" data-settings=\"{&quot;background_background&quot;:&quot;classic&quot;}\">\n\t\t\t\t\t<div class=\"e-con-inner\">\n\t\t\t\t<div class=\"elementor-element elementor-element-5782da1 elementor-invisible elementor-widget elementor-widget-heading\" data-id=\"5782da1\" data-element_type=\"widget\" data-settings=\"{&quot;motion_fx_motion_fx_mouse&quot;:&quot;yes&quot;,&quot;_animation&quot;:&quot;fadeInLeft&quot;}\" data-widget_type=\"heading.default\">\n\t\t\t\t<div class=\"elementor-widget-container\">\n\t\t\t\t\t<h2 class=\"elementor-heading-title elementor-size-default\">El colegio<\/h2>\t\t\t\t<\/div>\n\t\t\t\t<\/div>\n\t\t\t\t<div class=\"elementor-element elementor-element-ef24099 elementor-widget elementor-widget-eael-breadcrumbs\" data-id=\"ef24099\" data-element_type=\"widget\" data-widget_type=\"eael-breadcrumbs.default\">\n\t\t\t\t<div class=\"elementor-widget-container\">\n\t\t\t\t\t\t\t<div class=\"eael-breadcrumbs\">\n\t\t\t<div class=\"eael-breadcrumbs__content\"><a href=\"https:\/\/cursopracticoseo.com\/colmed\">Inicio<\/a> <span class=\"eael-breadcrumb-separator\">\/<\/span> <span class = \"eael-current\">P\u00e1gina<\/span><\/div>\t\t<\/div>\n\t\t\t\t\t\t<\/div>\n\t\t\t\t<\/div>\n\t\t\t\t\t<\/div>\n\t\t\t\t<\/div>\n\t\t<div data-particle_enable=\"false\" data-particle-mobile-disabled=\"false\" class=\"elementor-element elementor-element-3859551 e-grid e-con-boxed e-con e-parent\" data-id=\"3859551\" data-element_type=\"container\" data-settings=\"{&quot;background_background&quot;:&quot;classic&quot;}\">\n\t\t\t\t\t<div class=\"e-con-inner\">\n\t\t\t\t<div class=\"elementor-element elementor-element-fa50c6a elementor-widget elementor-widget-eael-creative-button\" data-id=\"fa50c6a\" data-element_type=\"widget\" data-widget_type=\"eael-creative-button.default\">\n\t\t\t\t<div class=\"elementor-widget-container\">\n\t\t\t\t\t        <div class=\"eael-creative-button-wrapper\">\n\n            <a class=\"eael-creative-button eael-creative-button--default\" href=\"#\" data-text=\"Go!\">\n            \t    \n                <div class=\"creative-button-inner\">\n\n                                            <span class=\"eael-creative-button-icon-left\"><\/span>                    \n                    <span class=\"cretive-button-text\">Historia<\/span>\n\n                                    <\/div>\n\t                        <\/a>\n        <\/div>\n        \t\t\t\t<\/div>\n\t\t\t\t<\/div>\n\t\t\t\t<div class=\"elementor-element elementor-element-8dc6465 elementor-widget elementor-widget-eael-creative-button\" data-id=\"8dc6465\" data-element_type=\"widget\" data-widget_type=\"eael-creative-button.default\">\n\t\t\t\t<div class=\"elementor-widget-container\">\n\t\t\t\t\t        <div class=\"eael-creative-button-wrapper\">\n\n            <a class=\"eael-creative-button eael-creative-button--default\" href=\"https:\/\/cursopracticoseo.com\/colmed\/index.php\/el-colegio\/junta-directiva\/\" data-text=\"Go!\">\n            \t    \n                <div class=\"creative-button-inner\">\n\n                                            <span class=\"eael-creative-button-icon-left\"><\/span>                    \n                    <span class=\"cretive-button-text\">Junta directiva<\/span>\n\n                                    <\/div>\n\t                        <\/a>\n        <\/div>\n        \t\t\t\t<\/div>\n\t\t\t\t<\/div>\n\t\t\t\t<div class=\"elementor-element elementor-element-5717ee9 elementor-widget elementor-widget-eael-creative-button\" data-id=\"5717ee9\" data-element_type=\"widget\" data-widget_type=\"eael-creative-button.default\">\n\t\t\t\t<div class=\"elementor-widget-container\">\n\t\t\t\t\t        <div class=\"eael-creative-button-wrapper\">\n\n            <a class=\"eael-creative-button eael-creative-button--default\" href=\"https:\/\/cursopracticoseo.com\/colmed\/index.php\/el-colegio\/estatutos\/\" data-text=\"Go!\">\n            \t    \n                <div class=\"creative-button-inner\">\n\n                                            <span class=\"eael-creative-button-icon-left\"><\/span>                    \n                    <span class=\"cretive-button-text\">Estatutos<\/span>\n\n                                    <\/div>\n\t                        <\/a>\n        <\/div>\n        \t\t\t\t<\/div>\n\t\t\t\t<\/div>\n\t\t\t\t<div class=\"elementor-element elementor-element-e888a2f elementor-widget elementor-widget-eael-creative-button\" data-id=\"e888a2f\" data-element_type=\"widget\" data-widget_type=\"eael-creative-button.default\">\n\t\t\t\t<div class=\"elementor-widget-container\">\n\t\t\t\t\t        <div class=\"eael-creative-button-wrapper\">\n\n            <a class=\"eael-creative-button eael-creative-button--default\" href=\"https:\/\/cursopracticoseo.com\/colmed\/index.php\/el-colegio\/comision-de-etica-y-deontologia-medica\/\" data-text=\"Go!\">\n            \t    \n                <div class=\"creative-button-inner\">\n\n                                            <span class=\"eael-creative-button-icon-left\"><\/span>                    \n                    <span class=\"cretive-button-text\">Comisi\u00f3n deontol\u00f3gica<\/span>\n\n                                    <\/div>\n\t                        <\/a>\n        <\/div>\n        \t\t\t\t<\/div>\n\t\t\t\t<\/div>\n\t\t\t\t<div class=\"elementor-element elementor-element-983fe45 elementor-widget elementor-widget-eael-creative-button\" data-id=\"983fe45\" data-element_type=\"widget\" data-widget_type=\"eael-creative-button.default\">\n\t\t\t\t<div class=\"elementor-widget-container\">\n\t\t\t\t\t        <div class=\"eael-creative-button-wrapper\">\n\n            <a class=\"eael-creative-button eael-creative-button--default\" href=\"https:\/\/cursopracticoseo.com\/colmed\/index.php\/el-colegio\/instalaciones\/\" data-text=\"Go!\">\n            \t    \n                <div class=\"creative-button-inner\">\n\n                                            <span class=\"eael-creative-button-icon-left\"><\/span>                    \n                    <span class=\"cretive-button-text\">Instalaciones<\/span>\n\n                                    <\/div>\n\t                        <\/a>\n        <\/div>\n        \t\t\t\t<\/div>\n\t\t\t\t<\/div>\n\t\t\t\t\t<\/div>\n\t\t\t\t<\/div>\n\t\t<div data-particle_enable=\"false\" data-particle-mobile-disabled=\"false\" class=\"elementor-element elementor-element-603c016 e-flex e-con-boxed e-con e-parent\" data-id=\"603c016\" data-element_type=\"container\">\n\t\t\t\t\t<div class=\"e-con-inner\">\n\t\t<div data-particle_enable=\"false\" data-particle-mobile-disabled=\"false\" class=\"elementor-element elementor-element-c32ca51 e-con-full e-flex elementor-invisible e-con e-child\" data-id=\"c32ca51\" data-element_type=\"container\" data-settings=\"{&quot;animation&quot;:&quot;fadeInLeft&quot;}\">\n\t\t\t\t<div class=\"elementor-element elementor-element-0a9da5b elementor-widget elementor-widget-heading\" data-id=\"0a9da5b\" data-element_type=\"widget\" data-widget_type=\"heading.default\">\n\t\t\t\t<div class=\"elementor-widget-container\">\n\t\t\t\t\t<h2 class=\"elementor-heading-title elementor-size-default\">\u00bfQui\u00e9nes somos?<\/h2>\t\t\t\t<\/div>\n\t\t\t\t<\/div>\n\t\t\t\t<div class=\"elementor-element elementor-element-2870770 elementor-widget elementor-widget-text-editor\" data-id=\"2870770\" data-element_type=\"widget\" data-widget_type=\"text-editor.default\">\n\t\t\t\t<div class=\"elementor-widget-container\">\n\t\t\t\t\t\t\t\t\t<p data-start=\"217\" data-end=\"514\">El Ilustre Colegio Oficial de M\u00e9dicos de Le\u00f3n es una corporaci\u00f3n de derecho p\u00fablico que representa, defiende y ordena el ejercicio de la profesi\u00f3n m\u00e9dica en la provincia de Le\u00f3n. Nuestra labor se basa en garantizar una pr\u00e1ctica m\u00e9dica \u00e9tica, responsable y orientada al bienestar de los ciudadanos.<\/p><p data-start=\"516\" data-end=\"710\">Trabajamos por y para el m\u00e9dico, promoviendo la formaci\u00f3n continua, la calidad asistencial y el compromiso social, en coordinaci\u00f3n con las instituciones sanitarias, acad\u00e9micas y administrativas.<\/p>\t\t\t\t\t\t\t\t<\/div>\n\t\t\t\t<\/div>\n\t\t\t\t<\/div>\n\t\t<div data-particle_enable=\"false\" data-particle-mobile-disabled=\"false\" class=\"elementor-element elementor-element-e13a248 e-con-full e-flex elementor-invisible e-con e-child\" data-id=\"e13a248\" data-element_type=\"container\" data-settings=\"{&quot;animation&quot;:&quot;fadeInRight&quot;}\">\n\t\t\t\t<div class=\"elementor-element elementor-element-dce4aac elementor-widget elementor-widget-image\" data-id=\"dce4aac\" data-element_type=\"widget\" data-widget_type=\"image.default\">\n\t\t\t\t<div class=\"elementor-widget-container\">\n\t\t\t\t\t\t\t\t\t\t\t\t\t\t\t<img fetchpriority=\"high\" decoding=\"async\" width=\"560\" height=\"406\" src=\"https:\/\/cursopracticoseo.com\/colmed\/wp-content\/uploads\/2025\/07\/Captura-de-pantalla-2025-07-16-a-las-7.35.57.png\" class=\"attachment-large size-large wp-image-130\" alt=\"\" srcset=\"https:\/\/cursopracticoseo.com\/colmed\/wp-content\/uploads\/2025\/07\/Captura-de-pantalla-2025-07-16-a-las-7.35.57.png 560w, https:\/\/cursopracticoseo.com\/colmed\/wp-content\/uploads\/2025\/07\/Captura-de-pantalla-2025-07-16-a-las-7.35.57-300x218.png 300w\" sizes=\"(max-width: 560px) 100vw, 560px\" \/>\t\t\t\t\t\t\t\t\t\t\t\t\t\t\t<\/div>\n\t\t\t\t<\/div>\n\t\t\t\t<\/div>\n\t\t\t\t\t<\/div>\n\t\t\t\t<\/div>\n\t\t<div data-particle_enable=\"false\" data-particle-mobile-disabled=\"false\" class=\"elementor-element elementor-element-2e2c548 e-flex e-con-boxed e-con e-parent\" data-id=\"2e2c548\" data-element_type=\"container\">\n\t\t\t\t\t<div class=\"e-con-inner\">\n\t\t<div data-particle_enable=\"false\" data-particle-mobile-disabled=\"false\" class=\"elementor-element elementor-element-f0ffd44 e-con-full e-flex e-con e-child\" data-id=\"f0ffd44\" data-element_type=\"container\">\n\t\t\t\t<div class=\"elementor-element elementor-element-b0e9ba4 elementor-widget elementor-widget-image\" data-id=\"b0e9ba4\" data-element_type=\"widget\" data-widget_type=\"image.default\">\n\t\t\t\t<div class=\"elementor-widget-container\">\n\t\t\t\t\t\t\t\t\t\t\t\t\t\t\t<img decoding=\"async\" width=\"800\" height=\"534\" src=\"https:\/\/cursopracticoseo.com\/colmed\/wp-content\/uploads\/2025\/07\/355A9216-1024x683.jpg\" class=\"attachment-large size-large wp-image-203\" alt=\"\" srcset=\"https:\/\/cursopracticoseo.com\/colmed\/wp-content\/uploads\/2025\/07\/355A9216-1024x683.jpg 1024w, https:\/\/cursopracticoseo.com\/colmed\/wp-content\/uploads\/2025\/07\/355A9216-300x200.jpg 300w, https:\/\/cursopracticoseo.com\/colmed\/wp-content\/uploads\/2025\/07\/355A9216-768x512.jpg 768w, https:\/\/cursopracticoseo.com\/colmed\/wp-content\/uploads\/2025\/07\/355A9216.jpg 1500w\" sizes=\"(max-width: 800px) 100vw, 800px\" \/>\t\t\t\t\t\t\t\t\t\t\t\t\t\t\t<\/div>\n\t\t\t\t<\/div>\n\t\t\t\t<\/div>\n\t\t<div data-particle_enable=\"false\" data-particle-mobile-disabled=\"false\" class=\"elementor-element elementor-element-13e2fb9 e-con-full e-flex e-con e-child\" data-id=\"13e2fb9\" data-element_type=\"container\">\n\t\t\t\t<div class=\"elementor-element elementor-element-35a4b8b elementor-widget elementor-widget-text-editor\" data-id=\"35a4b8b\" data-element_type=\"widget\" data-widget_type=\"text-editor.default\">\n\t\t\t\t<div class=\"elementor-widget-container\">\n\t\t\t\t\t\t\t\t\tEstimados compa\u00f1eros:\nEl avance de las nuevas tecnolog\u00edas de la comunicaci\u00f3n y de la informaci\u00f3n en el siglo XXI ha impulsado de forma extraordinaria la globalizaci\u00f3n del planeta. Este proceso econ\u00f3mico tecnol\u00f3gico, social y cultural de interconexi\u00f3n a nivel mundial ha supuesto tambi\u00e9n un reto para la Salud de los ciudadanos y para los sistemas sanitarios de todos los pa\u00edses, cuyo objetivo es mantener los niveles de calidad y garantizar a todos los seres humanos el mejor cuidado y bienestar.\nParalelamente, en Espa\u00f1a la percepci\u00f3n generalizada del derecho a una atenci\u00f3n sanitaria ilimitada, quiz\u00e1s surgido en un momento de euforia econ\u00f3mica irreflexiva, no concuerda con un sistema sanitario sostenible y racional. Evidentemente, todos los ciudadanos esperamos la continuidad y mejora de nuestro modelo p\u00fablico de gesti\u00f3n de los servicios y prestaciones de los que disfrutamos, pero hemos de ser conscientes y responsables de las limitaciones establecidas, en algunos casos, por el sistema tributario y, en otros, por los vaivenes de la gesti\u00f3n pol\u00edtico-econ\u00f3mica del Gobierno de Espa\u00f1a y de las comunidades aut\u00f3nomas.\nLa crisis sanitaria mundial vivida en 2020 por la COVID-19 ha puesto de manifiesto que al m\u00e9dico se le exige el m\u00e1ximo nivel de competencia y entrega, poniendo en peligro su propia vida debido a las limitaciones y carencias del Sistema Nacional de Salud.\nEl compromiso social y moral del m\u00e9dico con el paciente es inherente a su profesi\u00f3n, pero la sociedad que nos otorga su confianza y nos delega la responsabilidad del cuidado de la salud debe ser consciente de que no somos h\u00e9roes inmortales y no podemos dar todo de manera ilimitada sin poner en peligro las bases de la asistencia sanitaria.\nEl m\u00e9dico, como eje fundamental del funcionamiento del modelo sanitario en Espa\u00f1a, tiene que disponer de los recursos necesarios para poner en pr\u00e1ctica la Medicina con la m\u00e1xima calidad cient\u00edfica y humana.  Este es el compromiso del m\u00e9dico para el siglo XXI, conseguir que la mejor atenci\u00f3n sanitaria llegue a todos y en la mejor situaci\u00f3n posible.\nTrabajando juntos lo conseguiremos\nDr. Jos\u00e9 Luis D\u00edaz Villarig\nPresidente del Ilustre Colegio Oficial de M\u00e9dicos de Le\u00f3n\n\t\t\t\t\t\t\t\t<\/div>\n\t\t\t\t<\/div>\n\t\t\t\t<\/div>\n\t\t\t\t\t<\/div>\n\t\t\t\t<\/div>\n\t\t\t\t<\/div>\n\t\t","protected":false},"excerpt":{"rendered":"<p>El colegio Inicio \/ P\u00e1gina Historia Junta directiva Estatutos Comisi\u00f3n deontol\u00f3gica Instalaciones \u00bfQui\u00e9nes somos? El Ilustre Colegio Oficial de M\u00e9dicos de Le\u00f3n es una corporaci\u00f3n de derecho p\u00fablico que representa, defiende y ordena el ejercicio de la profesi\u00f3n m\u00e9dica en la provincia de Le\u00f3n. Nuestra labor se basa en garantizar una pr\u00e1ctica m\u00e9dica \u00e9tica, responsable [&hellip;]<\/p>\n","protected":false},"author":1,"featured_media":0,"parent":0,"menu_order":0,"comment_status":"closed","ping_status":"closed","template":"","meta":{"footnotes":""},"class_list":["post-51","page","type-page","status-publish","hentry"],"_links":{"self":[{"href":"https:\/\/cursopracticoseo.com\/colmed\/wp-json\/wp\/v2\/pages\/51","targetHints":{"allow":["GET"]}}],"collection":[{"href":"https:\/\/cursopracticoseo.com\/colmed\/wp-json\/wp\/v2\/pages"}],"about":[{"href":"https:\/\/cursopracticoseo.com\/colmed\/wp-json\/wp\/v2\/types\/page"}],"author":[{"embeddable":true,"href":"https:\/\/cursopracticoseo.com\/colmed\/wp-json\/wp\/v2\/users\/1"}],"replies":[{"embeddable":true,"href":"https:\/\/cursopracticoseo.com\/colmed\/wp-json\/wp\/v2\/comments?post=51"}],"version-history":[{"count":64,"href":"https:\/\/cursopracticoseo.com\/colmed\/wp-json\/wp\/v2\/pages\/51\/revisions"}],"predecessor-version":[{"id":1324,"href":"https:\/\/cursopracticoseo.com\/colmed\/wp-json\/wp\/v2\/pages\/51\/revisions\/1324"}],"wp:attachment":[{"href":"https:\/\/cursopracticoseo.com\/colmed\/wp-json\/wp\/v2\/media?parent=51"}],"curies":[{"name":"wp","href":"https:\/\/api.w.org\/{rel}","templated":true}]}}